{"id":1130,"date":"2025-12-12T06:20:27","date_gmt":"2025-12-12T06:20:27","guid":{"rendered":"https:\/\/staging-prod-co.cdcndevelopment.com\/?page_id=1130"},"modified":"2026-02-06T07:30:51","modified_gmt":"2026-02-06T07:30:51","slug":"cdass-member-ar-orientation","status":"publish","type":"page","link":"https:\/\/www.consumerdirectco.com\/es\/training\/cdass-member-ar-orientation\/","title":{"rendered":"Orientaci\u00f3n para miembros de CDASS y AR"},"content":{"rendered":"<div data-elementor-type=\"wp-page\" data-elementor-id=\"1130\" class=\"elementor elementor-1130\" data-elementor-post-type=\"page\">\n\t\t\t\t<div class=\"elementor-element elementor-element-edcd1ea e-con-full e-flex e-con e-parent\" data-id=\"edcd1ea\" data-element_type=\"container\" data-settings=\"{&quot;background_background&quot;:&quot;classic&quot;}\">\n\t\t<div class=\"elementor-element elementor-element-0411e82 e-con-full elementor-hidden-tablet elementor-hidden-mobile e-flex e-con e-child\" data-id=\"0411e82\" data-element_type=\"container\">\n\t\t<div class=\"elementor-element elementor-element-cb48dc4 e-con-full e-flex e-con e-child\" data-id=\"cb48dc4\" data-element_type=\"container\" data-settings=\"{&quot;sticky&quot;:&quot;top&quot;,&quot;sticky_offset&quot;:150,&quot;sticky_parent&quot;:&quot;yes&quot;,&quot;background_background&quot;:&quot;classic&quot;,&quot;sticky_on&quot;:[&quot;desktop&quot;,&quot;tablet&quot;,&quot;mobile&quot;],&quot;sticky_effects_offset&quot;:0,&quot;sticky_anchor_link_offset&quot;:0}\">\n\t\t\t\t<div class=\"elementor-element elementor-element-a92a5ec elementor-align-justify elementor-widget__width-inherit elementor-widget elementor-widget-button\" data-id=\"a92a5ec\" data-element_type=\"widget\" data-widget_type=\"button.default\">\n\t\t\t\t\t\t\t\t\t\t<a class=\"elementor-button elementor-button-link elementor-size-sm\" href=\"https:\/\/www.consumerdirectco.com\/es\/training\/case-manager-training\/\">\n\t\t\t\t\t\t<span class=\"elementor-button-content-wrapper\">\n\t\t\t\t\t\t\t\t\t<span class=\"elementor-button-text\">Formaci\u00f3n de gestores de casos<\/span>\n\t\t\t\t\t<\/span>\n\t\t\t\t\t<\/a>\n\t\t\t\t\t\t\t\t<\/div>\n\t\t\t\t<div class=\"elementor-element elementor-element-94af0fe elementor-align-justify elementor-widget__width-inherit elementor-widget elementor-widget-button\" data-id=\"94af0fe\" data-element_type=\"widget\" data-widget_type=\"button.default\">\n\t\t\t\t\t\t\t\t\t\t<a class=\"elementor-button elementor-button-link elementor-size-sm\" href=\"https:\/\/www.consumerdirectco.com\/es\/training\/cdass-member-ar-orientation\/\">\n\t\t\t\t\t\t<span class=\"elementor-button-content-wrapper\">\n\t\t\t\t\t\t\t\t\t<span class=\"elementor-button-text\">Orientaci\u00f3n para miembros de CDASS y AR<\/span>\n\t\t\t\t\t<\/span>\n\t\t\t\t\t<\/a>\n\t\t\t\t\t\t\t\t<\/div>\n\t\t\t\t<div class=\"elementor-element elementor-element-5d3daec elementor-align-justify elementor-widget__width-inherit elementor-widget elementor-widget-button\" data-id=\"5d3daec\" data-element_type=\"widget\" data-widget_type=\"button.default\">\n\t\t\t\t\t\t\t\t\t\t<a class=\"elementor-button elementor-button-link elementor-size-sm\" href=\"https:\/\/www.consumerdirectco.com\/es\/training\/ihss-member-ar-orientation\/\">\n\t\t\t\t\t\t<span class=\"elementor-button-content-wrapper\">\n\t\t\t\t\t\t\t\t\t<span class=\"elementor-button-text\">Orientaci\u00f3n para miembros del IHSS y AR<\/span>\n\t\t\t\t\t<\/span>\n\t\t\t\t\t<\/a>\n\t\t\t\t\t\t\t\t<\/div>\n\t\t\t\t<div class=\"elementor-element elementor-element-386051e elementor-align-justify elementor-widget__width-inherit elementor-widget elementor-widget-button\" data-id=\"386051e\" data-element_type=\"widget\" data-widget_type=\"button.default\">\n\t\t\t\t\t\t\t\t\t\t<a class=\"elementor-button elementor-button-link elementor-size-sm\" href=\"https:\/\/www.consumerdirectco.com\/es\/training\/ihss-provider-training\/\">\n\t\t\t\t\t\t<span class=\"elementor-button-content-wrapper\">\n\t\t\t\t\t\t\t\t\t<span class=\"elementor-button-text\">Formaci\u00f3n para proveedores de IHSS<\/span>\n\t\t\t\t\t<\/span>\n\t\t\t\t\t<\/a>\n\t\t\t\t\t\t\t\t<\/div>\n\t\t\t\t<div class=\"elementor-element elementor-element-7c40123 elementor-align-justify elementor-widget__width-inherit elementor-widget elementor-widget-button\" data-id=\"7c40123\" data-element_type=\"widget\" data-widget_type=\"button.default\">\n\t\t\t\t\t\t\t\t\t\t<a class=\"elementor-button elementor-button-link elementor-size-sm\" href=\"https:\/\/www.consumerdirectco.com\/es\/training\/sls-cdass-case-manager-training\/\">\n\t\t\t\t\t\t<span class=\"elementor-button-content-wrapper\">\n\t\t\t\t\t\t\t\t\t<span class=\"elementor-button-text\">Formaci\u00f3n de gestores de casos SLS CDASS<\/span>\n\t\t\t\t\t<\/span>\n\t\t\t\t\t<\/a>\n\t\t\t\t\t\t\t\t<\/div>\n\t\t\t\t<\/div>\n\t\t\t\t<\/div>\n\t\t<div class=\"elementor-element elementor-element-870a9f8 e-con-full e-flex e-con e-child\" data-id=\"870a9f8\" data-element_type=\"container\">\n\t\t<div class=\"elementor-element elementor-element-f5a74e1 e-con-full e-flex e-con e-child\" data-id=\"f5a74e1\" data-element_type=\"container\">\n\t\t\t\t<div class=\"elementor-element elementor-element-d3cebd4 section-tag-white elementor-widget elementor-widget-heading\" data-id=\"d3cebd4\" data-element_type=\"widget\" data-widget_type=\"heading.default\">\n\t\t\t\t\t<h2 class=\"elementor-heading-title elementor-size-default\">Red de Atenci\u00f3n Directa al Consumidor de Colorado<\/h2>\t\t\t\t<\/div>\n\t\t\t\t<div class=\"elementor-element elementor-element-f1ed4ba elementor-widget elementor-widget-heading\" data-id=\"f1ed4ba\" data-element_type=\"widget\" data-widget_type=\"heading.default\">\n\t\t\t\t\t<h1 class=\"elementor-heading-title elementor-size-default\">FORMACI\u00d3N<\/h1>\t\t\t\t<\/div>\n\t\t\t\t<div class=\"elementor-element elementor-element-517840e elementor-widget elementor-widget-text-editor\" data-id=\"517840e\" data-element_type=\"widget\" data-widget_type=\"text-editor.default\">\n\t\t\t\t\t\t\t\t\t<h4>Orientaci\u00f3n para miembros y representantes autorizados del CDASS<\/h4>\n<p>Consumer Direct Care Network Colorado (CDCO) proporciona formaci\u00f3n y apoyo para el programa Consumer-Directed Attendant Support Services (CDASS). Ayudamos a los afiliados y a los Representantes Autorizados (AR) proporcion\u00e1ndoles herramientas, formaci\u00f3n y apoyo.<\/p>\n<p>Tambi\u00e9n trabajamos con los contratistas de los Servicios de Gesti\u00f3n Financiera (FMS), otros grupos asociados y el Departamento de Pol\u00edtica y Financiaci\u00f3n Sanitarias de Colorado (HCPF) para asegurarnos de que el proceso de inscripci\u00f3n se desarrolla sin problemas y de que los afiliados tienen lo que necesitan.<\/p>\n\t\t\t\t\t\t\t\t<\/div>\n\t\t\t\t<\/div>\n\t\t<div class=\"elementor-element elementor-element-a79b1a0 e-con-full e-flex e-con e-child\" data-id=\"a79b1a0\" data-element_type=\"container\" data-settings=\"{&quot;background_background&quot;:&quot;classic&quot;}\">\n\t\t\t\t<div class=\"elementor-element elementor-element-8a06c8f elementor-widget elementor-widget-text-editor\" data-id=\"8a06c8f\" data-element_type=\"widget\" data-widget_type=\"text-editor.default\">\n\t\t\t\t\t\t\t\t\t<h4>Formaci\u00f3n que se adapta a su horario<\/h4>\n<p>CDCO ofrece formaci\u00f3n en l\u00ednea para los miembros de CDASS y ARs. Cuando te conectes por primera vez, crear\u00e1s una cuenta-despu\u00e9s de eso, es f\u00e1cil elegir la formaci\u00f3n para ti. Para m\u00e1s informaci\u00f3n sobre los servicios de CDASS, <a href=\"https:\/\/www.consumerdirectco.com\/es\/cdass\/\"><strong>visite la secci\u00f3n CDASS de nuestro sitio web<\/strong><\/a> o <a href=\"https:\/\/www.consumerdirectco.com\/es\/contact\/\"> <strong>Contacto<\/strong><\/a>.<\/p>\n\t\t\t\t\t\t\t\t<\/div>\n\t\t\t\t<div class=\"elementor-element elementor-element-f16573b primary-dark elementor-mobile-align-justify elementor-align-justify elementor-widget__width-initial elementor-widget-mobile__width-inherit elementor-widget elementor-widget-button\" data-id=\"f16573b\" data-element_type=\"widget\" data-widget_type=\"button.default\">\n\t\t\t\t\t\t\t\t\t\t<a class=\"elementor-button elementor-button-link elementor-size-sm\" href=\"https:\/\/www.myworkday.com\/wday\/vps\/wday\/calypso\/bootstrap\/eex\/requestuserbootstrap\/cdcn\/478c5ee4ebfc10011502802bf2be0000\" target=\"_blank\">\n\t\t\t\t\t\t<span class=\"elementor-button-content-wrapper\">\n\t\t\t\t\t\t<span class=\"elementor-button-icon\">\n\t\t\t\t<svg xmlns=\"http:\/\/www.w3.org\/2000\/svg\" width=\"24\" height=\"24\" viewbox=\"0 0 24 24\" fill=\"none\"><path d=\"M12 12C10.9 12 9.95833 11.6083 9.175 10.825C8.39167 10.0417 8 9.1 8 8C8 6.9 8.39167 5.95833 9.175 5.175C9.95833 4.39167 10.9 4 12 4C13.1 4 14.0417 4.39167 14.825 5.175C15.6083 5.95833 16 6.9 16 8C16 9.1 15.6083 10.0417 14.825 10.825C14.0417 11.6083 13.1 12 12 12ZM4 20V17.2C4 16.6333 4.14583 16.1125 4.4375 15.6375C4.72917 15.1625 5.11667 14.8 5.6 14.55C6.63333 14.0333 7.68333 13.6458 8.75 13.3875C9.81667 13.1292 10.9 13 12 13C13.1 13 14.1833 13.1292 15.25 13.3875C16.3167 13.6458 17.3667 14.0333 18.4 14.55C18.8833 14.8 19.2708 15.1625 19.5625 15.6375C19.8542 16.1125 20 16.6333 20 17.2V20H4ZM6 18H18V17.2C18 17.0167 17.9542 16.85 17.8625 16.7C17.7708 16.55 17.65 16.4333 17.5 16.35C16.6 15.9 15.6917 15.5625 14.775 15.3375C13.8583 15.1125 12.9333 15 12 15C11.0667 15 10.1417 15.1125 9.225 15.3375C8.30833 15.5625 7.4 15.9 6.5 16.35C6.35 16.4333 6.22917 16.55 6.1375 16.7C6.04583 16.85 6 17.0167 6 17.2V18ZM12 10C12.55 10 13.0208 9.80417 13.4125 9.4125C13.8042 9.02083 14 8.55 14 8C14 7.45 13.8042 6.97917 13.4125 6.5875C13.0208 6.19583 12.55 6 12 6C11.45 6 10.9792 6.19583 10.5875 6.5875C10.1958 6.97917 10 7.45 10 8C10 8.55 10.1958 9.02083 10.5875 9.4125C10.9792 9.80417 11.45 10 12 10Z\" fill=\"white\"><\/path><\/svg>\t\t\t<\/span>\n\t\t\t\t\t\t\t\t\t<span class=\"elementor-button-text\">Nuevo usuario<\/span>\n\t\t\t\t\t<\/span>\n\t\t\t\t\t<\/a>\n\t\t\t\t\t\t\t\t<\/div>\n\t\t\t\t<\/div>\n\t\t<div class=\"elementor-element elementor-element-e795c53 e-con-full e-flex e-con e-child\" data-id=\"e795c53\" data-element_type=\"container\" data-settings=\"{&quot;background_background&quot;:&quot;classic&quot;}\">\n\t\t\t\t<div class=\"elementor-element elementor-element-ba76815 elementor-widget elementor-widget-text-editor\" data-id=\"ba76815\" data-element_type=\"widget\" data-widget_type=\"text-editor.default\">\n\t\t\t\t\t\t\t\t\t<h4>Buscar asistencia con confianza<\/h4>\n<p>CDASS ayuda a las personas a hacerse cargo de su propio cuidado. Nuestro objetivo es ayudarte a desarrollar las habilidades que necesitas para encontrar cuidados con confianza.<\/p>\n\t\t\t\t\t\t\t\t<\/div>\n\t\t\t\t<div class=\"elementor-element elementor-element-58e4aa0 primary-dark elementor-mobile-align-justify elementor-align-justify elementor-widget__width-initial elementor-widget-mobile__width-inherit elementor-widget elementor-widget-button\" data-id=\"58e4aa0\" data-element_type=\"widget\" data-widget_type=\"button.default\">\n\t\t\t\t\t\t\t\t\t\t<a class=\"elementor-button elementor-button-link elementor-size-sm\" href=\"https:\/\/www.myworkday.com\/wday\/authgwy\/cdcn\/login.htmld?redirect=n\" target=\"_blank\">\n\t\t\t\t\t\t<span class=\"elementor-button-content-wrapper\">\n\t\t\t\t\t\t<span class=\"elementor-button-icon\">\n\t\t\t\t<svg xmlns=\"http:\/\/www.w3.org\/2000\/svg\" width=\"24\" height=\"24\" viewbox=\"0 0 24 24\" fill=\"none\"><path d=\"M16.175 13H4V11H16.175L10.575 5.4L12 4L20 12L12 20L10.575 18.6L16.175 13Z\" fill=\"white\"><\/path><\/svg>\t\t\t<\/span>\n\t\t\t\t\t\t\t\t\t<span class=\"elementor-button-text\">Inicio de sesi\u00f3n de usuario existente<\/span>\n\t\t\t\t\t<\/span>\n\t\t\t\t\t<\/a>\n\t\t\t\t\t\t\t\t<\/div>\n\t\t\t\t<\/div>\n\t\t<div class=\"elementor-element elementor-element-d075306 e-con-full e-flex e-con e-child\" data-id=\"d075306\" data-element_type=\"container\" data-settings=\"{&quot;background_background&quot;:&quot;classic&quot;}\">\n\t\t\t\t<div class=\"elementor-element elementor-element-8f39d60 elementor-widget__width-inherit elementor-widget elementor-widget-heading\" data-id=\"8f39d60\" data-element_type=\"widget\" data-widget_type=\"heading.default\">\n\t\t\t\t\t<h3 class=\"elementor-heading-title elementor-size-default\">\u00bfNecesita m\u00e1s ayuda?<\/h3>\t\t\t\t<\/div>\n\t\t\t\t<div class=\"elementor-element elementor-element-14762a9 elementor-mobile-align-justify elementor-widget-mobile__width-inherit primary-light elementor-widget elementor-widget-button\" data-id=\"14762a9\" data-element_type=\"widget\" data-widget_type=\"button.default\">\n\t\t\t\t\t\t\t\t\t\t<a class=\"elementor-button elementor-button-link elementor-size-sm\" href=\"https:\/\/t8yly.share-na2.hsforms.com\/2rNwWRe8WQ7ei3vbWUHu_2A\" target=\"_blank\">\n\t\t\t\t\t\t<span class=\"elementor-button-content-wrapper\">\n\t\t\t\t\t\t\t\t\t<span class=\"elementor-button-text\">Solicitar formaci\u00f3n presencial<\/span>\n\t\t\t\t\t<\/span>\n\t\t\t\t\t<\/a>\n\t\t\t\t\t\t\t\t<\/div>\n\t\t\t\t<\/div>\n\t\t\t\t<\/div>\n\t\t\t\t<\/div>\n\t\t\t\t<\/div>","protected":false},"excerpt":{"rendered":"<p>Case Manager Training CDASS Member &amp; AR Orientation IHSS Member &amp; AR Orientation IHSS Provider Training SLS CDASS Case Manager Training Need more help? Request In-Person Training<\/p>","protected":false},"author":2,"featured_media":0,"parent":1707,"menu_order":0,"comment_status":"closed","ping_status":"closed","template":"","meta":{"_acf_changed":false,"footnotes":""},"class_list":["post-1130","page","type-page","status-publish","hentry"],"acf":[],"yoast_head":"<!-- This site is optimized with the Yoast SEO plugin v26.0 - https:\/\/yoast.com\/wordpress\/plugins\/seo\/ -->\n<title>CDASS Member &amp; AR Orientation - Colorado - Consumer Direct Care<\/title>\n<meta name=\"robots\" content=\"index, follow, max-snippet:-1, max-image-preview:large, max-video-preview:-1\" \/>\n<link rel=\"canonical\" href=\"https:\/\/www.consumerdirectco.com\/es\/training\/cdass-member-ar-orientation\/\" \/>\n<meta property=\"og:locale\" content=\"es_ES\" \/>\n<meta property=\"og:type\" content=\"article\" \/>\n<meta property=\"og:title\" content=\"CDASS Member &amp; AR Orientation - Colorado - Consumer Direct Care\" \/>\n<meta property=\"og:description\" content=\"Case Manager Training CDASS Member &amp; AR Orientation IHSS Member &amp; AR Orientation IHSS Provider Training SLS CDASS Case Manager Training Need more help? Request In-Person Training\" \/>\n<meta property=\"og:url\" content=\"https:\/\/www.consumerdirectco.com\/es\/training\/cdass-member-ar-orientation\/\" \/>\n<meta property=\"og:site_name\" content=\"Colorado - Consumer Direct Care\" \/>\n<meta property=\"article:modified_time\" content=\"2026-02-06T07:30:51+00:00\" \/>\n<meta name=\"twitter:card\" content=\"summary_large_image\" \/>\n<meta name=\"twitter:label1\" content=\"Tiempo de lectura\" \/>\n\t<meta name=\"twitter:data1\" content=\"1 minuto\" \/>\n<script type=\"application\/ld+json\" class=\"yoast-schema-graph\">{\"@context\":\"https:\/\/schema.org\",\"@graph\":[{\"@type\":\"WebPage\",\"@id\":\"https:\/\/www.consumerdirectco.com\/training\/cdass-member-ar-orientation\/\",\"url\":\"https:\/\/www.consumerdirectco.com\/training\/cdass-member-ar-orientation\/\",\"name\":\"CDASS Member &amp; AR Orientation - Colorado - Consumer Direct Care\",\"isPartOf\":{\"@id\":\"https:\/\/www.consumerdirectco.com\/#website\"},\"datePublished\":\"2025-12-12T06:20:27+00:00\",\"dateModified\":\"2026-02-06T07:30:51+00:00\",\"breadcrumb\":{\"@id\":\"https:\/\/www.consumerdirectco.com\/training\/cdass-member-ar-orientation\/#breadcrumb\"},\"inLanguage\":\"es\",\"potentialAction\":[{\"@type\":\"ReadAction\",\"target\":[\"https:\/\/www.consumerdirectco.com\/training\/cdass-member-ar-orientation\/\"]}]},{\"@type\":\"BreadcrumbList\",\"@id\":\"https:\/\/www.consumerdirectco.com\/training\/cdass-member-ar-orientation\/#breadcrumb\",\"itemListElement\":[{\"@type\":\"ListItem\",\"position\":1,\"name\":\"Home\",\"item\":\"https:\/\/www.consumerdirectco.com\/\"},{\"@type\":\"ListItem\",\"position\":2,\"name\":\"Training\",\"item\":\"https:\/\/www.consumerdirectco.com\/training\/\"},{\"@type\":\"ListItem\",\"position\":3,\"name\":\"CDASS Member &amp; AR Orientation\"}]},{\"@type\":\"WebSite\",\"@id\":\"https:\/\/www.consumerdirectco.com\/#website\",\"url\":\"https:\/\/www.consumerdirectco.com\/\",\"name\":\"Colorado - Consumer Direct Care\",\"description\":\"\",\"publisher\":{\"@id\":\"https:\/\/www.consumerdirectco.com\/#organization\"},\"potentialAction\":[{\"@type\":\"SearchAction\",\"target\":{\"@type\":\"EntryPoint\",\"urlTemplate\":\"https:\/\/www.consumerdirectco.com\/?s={search_term_string}\"},\"query-input\":{\"@type\":\"PropertyValueSpecification\",\"valueRequired\":true,\"valueName\":\"search_term_string\"}}],\"inLanguage\":\"es\"},{\"@type\":\"Organization\",\"@id\":\"https:\/\/www.consumerdirectco.com\/#organization\",\"name\":\"Colorado - Consumer Direct Care\",\"url\":\"https:\/\/www.consumerdirectco.com\/\",\"logo\":{\"@type\":\"ImageObject\",\"inLanguage\":\"es\",\"@id\":\"https:\/\/www.consumerdirectco.com\/#\/schema\/logo\/image\/\",\"url\":\"https:\/\/www.consumerdirectco.com\/wp-content\/uploads\/sites\/20\/2025\/12\/logo-colorado.png\",\"contentUrl\":\"https:\/\/www.consumerdirectco.com\/wp-content\/uploads\/sites\/20\/2025\/12\/logo-colorado.png\",\"width\":159,\"height\":48,\"caption\":\"Colorado - Consumer Direct Care\"},\"image\":{\"@id\":\"https:\/\/www.consumerdirectco.com\/#\/schema\/logo\/image\/\"}}]}<\/script>\n<!-- \/ Yoast SEO plugin. -->","yoast_head_json":{"title":"CDASS Member &amp; AR Orientation - Colorado - Consumer Direct Care","robots":{"index":"index","follow":"follow","max-snippet":"max-snippet:-1","max-image-preview":"max-image-preview:large","max-video-preview":"max-video-preview:-1"},"canonical":"https:\/\/www.consumerdirectco.com\/es\/training\/cdass-member-ar-orientation\/","og_locale":"es_ES","og_type":"article","og_title":"CDASS Member &amp; AR Orientation - Colorado - Consumer Direct Care","og_description":"Case Manager Training CDASS Member &amp; AR Orientation IHSS Member &amp; AR Orientation IHSS Provider Training SLS CDASS Case Manager Training Need more help? Request In-Person Training","og_url":"https:\/\/www.consumerdirectco.com\/es\/training\/cdass-member-ar-orientation\/","og_site_name":"Colorado - Consumer Direct Care","article_modified_time":"2026-02-06T07:30:51+00:00","twitter_card":"summary_large_image","twitter_misc":{"Tiempo de lectura":"1 minuto"},"schema":{"@context":"https:\/\/schema.org","@graph":[{"@type":"WebPage","@id":"https:\/\/www.consumerdirectco.com\/training\/cdass-member-ar-orientation\/","url":"https:\/\/www.consumerdirectco.com\/training\/cdass-member-ar-orientation\/","name":"CDASS Member &amp; AR Orientation - Colorado - Consumer Direct Care","isPartOf":{"@id":"https:\/\/www.consumerdirectco.com\/#website"},"datePublished":"2025-12-12T06:20:27+00:00","dateModified":"2026-02-06T07:30:51+00:00","breadcrumb":{"@id":"https:\/\/www.consumerdirectco.com\/training\/cdass-member-ar-orientation\/#breadcrumb"},"inLanguage":"es","potentialAction":[{"@type":"ReadAction","target":["https:\/\/www.consumerdirectco.com\/training\/cdass-member-ar-orientation\/"]}]},{"@type":"BreadcrumbList","@id":"https:\/\/www.consumerdirectco.com\/training\/cdass-member-ar-orientation\/#breadcrumb","itemListElement":[{"@type":"ListItem","position":1,"name":"Home","item":"https:\/\/www.consumerdirectco.com\/"},{"@type":"ListItem","position":2,"name":"Training","item":"https:\/\/www.consumerdirectco.com\/training\/"},{"@type":"ListItem","position":3,"name":"CDASS Member &amp; AR Orientation"}]},{"@type":"WebSite","@id":"https:\/\/www.consumerdirectco.com\/#website","url":"https:\/\/www.consumerdirectco.com\/","name":"Colorado - Cuidado Directo al Consumidor","description":"","publisher":{"@id":"https:\/\/www.consumerdirectco.com\/#organization"},"potentialAction":[{"@type":"SearchAction","target":{"@type":"EntryPoint","urlTemplate":"https:\/\/www.consumerdirectco.com\/?s={search_term_string}"},"query-input":{"@type":"PropertyValueSpecification","valueRequired":true,"valueName":"search_term_string"}}],"inLanguage":"es"},{"@type":"Organization","@id":"https:\/\/www.consumerdirectco.com\/#organization","name":"Colorado - Cuidado Directo al Consumidor","url":"https:\/\/www.consumerdirectco.com\/","logo":{"@type":"ImageObject","inLanguage":"es","@id":"https:\/\/www.consumerdirectco.com\/#\/schema\/logo\/image\/","url":"https:\/\/www.consumerdirectco.com\/wp-content\/uploads\/sites\/20\/2025\/12\/logo-colorado.png","contentUrl":"https:\/\/www.consumerdirectco.com\/wp-content\/uploads\/sites\/20\/2025\/12\/logo-colorado.png","width":159,"height":48,"caption":"Colorado - Consumer Direct Care"},"image":{"@id":"https:\/\/www.consumerdirectco.com\/#\/schema\/logo\/image\/"}}]}},"_links":{"self":[{"href":"https:\/\/www.consumerdirectco.com\/es\/wp-json\/wp\/v2\/pages\/1130","targetHints":{"allow":["GET"]}}],"collection":[{"href":"https:\/\/www.consumerdirectco.com\/es\/wp-json\/wp\/v2\/pages"}],"about":[{"href":"https:\/\/www.consumerdirectco.com\/es\/wp-json\/wp\/v2\/types\/page"}],"author":[{"embeddable":true,"href":"https:\/\/www.consumerdirectco.com\/es\/wp-json\/wp\/v2\/users\/2"}],"replies":[{"embeddable":true,"href":"https:\/\/www.consumerdirectco.com\/es\/wp-json\/wp\/v2\/comments?post=1130"}],"version-history":[{"count":40,"href":"https:\/\/www.consumerdirectco.com\/es\/wp-json\/wp\/v2\/pages\/1130\/revisions"}],"predecessor-version":[{"id":4210,"href":"https:\/\/www.consumerdirectco.com\/es\/wp-json\/wp\/v2\/pages\/1130\/revisions\/4210"}],"up":[{"embeddable":true,"href":"https:\/\/www.consumerdirectco.com\/es\/wp-json\/wp\/v2\/pages\/1707"}],"wp:attachment":[{"href":"https:\/\/www.consumerdirectco.com\/es\/wp-json\/wp\/v2\/media?parent=1130"}],"curies":[{"name":"wp","href":"https:\/\/api.w.org\/{rel}","templated":true}]}}