{"id":3287,"date":"2026-01-06T17:35:56","date_gmt":"2026-01-06T17:35:56","guid":{"rendered":"https:\/\/staging-prod-co.cdcndevelopment.com\/?page_id=3287"},"modified":"2026-01-07T14:55:15","modified_gmt":"2026-01-07T14:55:15","slug":"accessibility","status":"publish","type":"page","link":"https:\/\/www.consumerdirectco.com\/es\/accessibility\/","title":{"rendered":"Accesibilidad"},"content":{"rendered":"<div data-elementor-type=\"wp-page\" data-elementor-id=\"3287\" class=\"elementor elementor-3287\" data-elementor-post-type=\"page\">\n\t\t\t\t<div class=\"elementor-element elementor-element-58df5c3 e-con-full e-flex e-con e-parent\" data-id=\"58df5c3\" data-element_type=\"container\" data-settings=\"{&quot;background_background&quot;:&quot;classic&quot;}\">\n\t\t<div class=\"elementor-element elementor-element-de09b51 e-con-full elementor-hidden-mobile e-flex e-con e-child\" data-id=\"de09b51\" data-element_type=\"container\" data-settings=\"{&quot;background_background&quot;:&quot;classic&quot;}\">\n\t\t\t\t<div class=\"elementor-element elementor-element-1f82473 elementor-widget__width-initial elementor-widget elementor-widget-heading\" data-id=\"1f82473\" data-element_type=\"widget\" data-widget_type=\"heading.default\">\n\t\t\t\t\t<h1 class=\"elementor-heading-title elementor-size-default\"><mark>Accesibilidad<\/mark><\/h1>\t\t\t\t<\/div>\n\t\t\t\t<\/div>\n\t\t<div class=\"elementor-element elementor-element-d3aac82 elementor-hidden-desktop elementor-hidden-tablet e-flex e-con-boxed e-con e-child\" data-id=\"d3aac82\" data-element_type=\"container\">\n\t\t\t\t\t<div class=\"e-con-inner\">\n\t\t\t\t<div class=\"elementor-element elementor-element-de688a2 elementor-widget__width-initial elementor-widget elementor-widget-heading\" data-id=\"de688a2\" data-element_type=\"widget\" data-widget_type=\"heading.default\">\n\t\t\t\t\t<h1 class=\"elementor-heading-title elementor-size-default\"><mark>Accesibilidad<\/mark><\/h1>\t\t\t\t<\/div>\n\t\t\t\t<div class=\"elementor-element elementor-element-e7a119d elementor-widget-mobile__width-inherit elementor-widget elementor-widget-image\" data-id=\"e7a119d\" data-element_type=\"widget\" data-widget_type=\"image.default\">\n\t\t\t\t\t\t\t\t\t\t\t\t\t\t\t<img decoding=\"async\" src=\"https:\/\/www.consumerdirectco.com\/wp-content\/uploads\/sites\/20\/2025\/12\/expert-in-self-banner-mob.png\" title=\"\" alt=\"\" loading=\"lazy\" \/>\t\t\t\t\t\t\t\t\t\t\t\t\t\t\t<\/div>\n\t\t\t\t\t<\/div>\n\t\t\t\t<\/div>\n\t\t\t\t<\/div>\n\t\t<div class=\"elementor-element elementor-element-2fc69a2 e-flex e-con-boxed e-con e-parent\" data-id=\"2fc69a2\" data-element_type=\"container\">\n\t\t\t\t\t<div class=\"e-con-inner\">\n\t\t\t\t<div class=\"elementor-element elementor-element-3fc795f elementor-widget elementor-widget-text-editor\" data-id=\"3fc795f\" data-element_type=\"widget\" data-widget_type=\"text-editor.default\">\n\t\t\t\t\t\t\t\t\t<ul><li><strong>\u00bfNecesita ayuda para hablar con nosotros o leer lo que le enviamos?<\/strong><\/li><li><strong>\u00bfTiene alguna discapacidad y necesita ayuda para recibir asistencia o participar en uno de nuestros programas?<\/strong><br \/><strong>programas o servicios?<\/strong><\/li><li><strong>\u00bfO tiene m\u00e1s preguntas sobre su asistencia sanitaria?<\/strong><\/li><\/ul><p><strong>Ll\u00e1menos gratis. Podemos ponerle en contacto con la ayuda o el servicio gratuitos que necesite<\/strong><\/p><p><strong>Red de Atenci\u00f3n Directa al Consumidor de Colorado (CDCO)<\/strong><\/p><ul><li><strong>Tel\u00e9fono: <a href=\"tel:844-381-4433\">844-381-4433<\/a><\/strong><\/li><\/ul><p>Para conocer las opciones de accesibilidad, visite <a href=\"https:\/\/hcpf.colorado.gov\/accessibility\" target=\"_blank\" rel=\"noopener\">P\u00e1gina sobre accesibilidad en el sitio web del Departamento de Pol\u00edtica y Financiaci\u00f3n Sanitarias de Colorado<\/a>.<\/p><p>Para solicitar adaptaciones, rellene <a href=\"https:\/\/info.consumerdirectcare.com\/hubfs\/QI%20Documents\/Forms\/CDCO\/CDASS\/Resources\/CDASS%20Basics\/En_US_20240617_QI_Care-Plan-Mediation-Request-Form_FIN.pdf\" target=\"_blank\" rel=\"noopener\">CDCO Americans with Disabilities Act el formulario de solicitud de Participaci\u00f3n y Acomodaci\u00f3n<\/a>. Para notificar problemas de accesibilidad u obtener un informe de accesibilidad de la Plantilla Voluntaria de Accesibilidad de Productos (VPAT) para el sitio web de CDCO, env\u00ede un correo electr\u00f3nico a <a href=\"mailto:InfoCDCO@ConsumerDirectCare.com\">InfoCDCO@ConsumerDirectCare.com<\/a> o rellene nuestro <a href=\"https:\/\/\/es\/consumerdirectco.com\/contact\/\" data-wplink-url-error=\"true\">formulario de contacto<\/a>.<\/p><p>Cumplimos las leyes federales y estatales de derechos civiles. No tratamos a las personas de forma diferente debido a su raza, color, lugar de nacimiento, idioma, edad, discapacidad, religi\u00f3n o sexo. Si cree que no le hemos ayudado o que le hemos tratado de forma diferente debido a su raza, color, lugar de nacimiento, idioma, edad, discapacidad, religi\u00f3n o sexo... Puede presentar una queja por correo, por correo electr\u00f3nico o por tel\u00e9fono. Puede presentar una queja ante Consumer Direct Care Network o<br \/>con la Oficina de Derechos Civiles.<\/p><p><strong>Red de Atenci\u00f3n Directa al Consumidor<\/strong><\/p><p>Attn: Director de Recursos Humanos<br \/>100 Consumer Direct Way<br \/>Missoula, MT 59808<br \/>Tel\u00e9fono: <a href=\"tel:844-360-4747\">844-360-4747<\/a><br \/>Correo electr\u00f3nico: <a href=\"mailto:InfoHR@ConsumerDirectCare.com\">InfoHR@ConsumerDirectCare.com<\/a><br \/>Fax: 866-837-1983<\/p><p>o<\/p><p>Attn: Director de Cumplimiento<br \/>100 Consumer Direct Way<br \/>Missoula, MT 59808<br \/>Tel\u00e9fono: <a href=\"tel:406-303-3033\">406-303-3033<\/a><br \/>Correo electr\u00f3nico: <a href=\"mailto:InfoCompliance@ConsumerDirectCare.com\">InfoCompliance@ConsumerDirectCare.com\u00a0<\/a><\/p><p><strong>Oficina de Derechos Civiles<\/strong><br \/>Visite el <a href=\"https:\/\/ocrportal.hhs.gov\/ocr\/smartscreen\/main.jsf\" target=\"_blank\" rel=\"noopener\">Portal de denuncias de la Oficina de Derechos Civiles<\/a>.<\/p><p>o<\/p><p>Presente una queja o env\u00ede una carta a:<br \/>Departamento de Salud y Servicios Humanos de EE.UU. Oficina de Derechos Civiles<br \/>200 Independence Ave SW<br \/>Sala 509F, Edificio HHH<br \/>Washington, DC 20201<\/p><p>Puede obtener un formulario de reclamaci\u00f3n en <a href=\"https:\/\/www.hhs.gov\/ocr\/complaints\/index.html\" target=\"_blank\" rel=\"noopener\">Sitio web del Departamento de Salud y Servicios Humanos de EE.UU.<\/a>.<br \/>o<br \/>Llame a <a href=\"tel:800-368-1019\">800-368-1019<\/a>. Si no habla o no oye bien, llame al TTY\/TDD <a href=\"tel:800-537-7697\">800-537-7697<\/a>.<\/p>\t\t\t\t\t\t\t\t<\/div>\n\t\t\t\t\t<\/div>\n\t\t\t\t<\/div>\n\t\t\t\t<\/div>","protected":false},"excerpt":{"rendered":"<p>Do you need help talking with us or reading what we send you? Do you have a disability and need help getting care or taking part in one of ourprograms or services? Or do you have more questions about your health care? Call us for free. We can connect you with the free help or [&hellip;]<\/p>","protected":false},"author":9,"featured_media":0,"parent":0,"menu_order":0,"comment_status":"closed","ping_status":"closed","template":"","meta":{"_acf_changed":false,"footnotes":""},"class_list":["post-3287","page","type-page","status-publish","hentry"],"acf":[],"yoast_head":"<!-- This site is optimized with the Yoast SEO plugin v26.0 - https:\/\/yoast.com\/wordpress\/plugins\/seo\/ -->\n<title>Accessibility - Colorado - Consumer Direct Care<\/title>\n<meta name=\"robots\" content=\"index, follow, max-snippet:-1, max-image-preview:large, max-video-preview:-1\" \/>\n<link rel=\"canonical\" href=\"https:\/\/www.consumerdirectco.com\/es\/accessibility\/\" \/>\n<meta property=\"og:locale\" content=\"es_ES\" \/>\n<meta property=\"og:type\" content=\"article\" \/>\n<meta property=\"og:title\" content=\"Accessibility - Colorado - Consumer Direct Care\" \/>\n<meta property=\"og:description\" content=\"Do you need help talking with us or reading what we send you? Do you have a disability and need help getting care or taking part in one of ourprograms or services? Or do you have more questions about your health care? Call us for free. We can connect you with the free help or [&hellip;]\" \/>\n<meta property=\"og:url\" content=\"https:\/\/www.consumerdirectco.com\/es\/accessibility\/\" \/>\n<meta property=\"og:site_name\" content=\"Colorado - Consumer Direct Care\" \/>\n<meta property=\"article:modified_time\" content=\"2026-01-07T14:55:15+00:00\" \/>\n<meta name=\"twitter:card\" content=\"summary_large_image\" \/>\n<meta name=\"twitter:label1\" content=\"Tiempo de lectura\" \/>\n\t<meta name=\"twitter:data1\" content=\"2 minutos\" \/>\n<script type=\"application\/ld+json\" class=\"yoast-schema-graph\">{\"@context\":\"https:\/\/schema.org\",\"@graph\":[{\"@type\":\"WebPage\",\"@id\":\"https:\/\/www.consumerdirectco.com\/accessibility\/\",\"url\":\"https:\/\/www.consumerdirectco.com\/accessibility\/\",\"name\":\"Accessibility - Colorado - Consumer Direct Care\",\"isPartOf\":{\"@id\":\"https:\/\/www.consumerdirectco.com\/#website\"},\"datePublished\":\"2026-01-06T17:35:56+00:00\",\"dateModified\":\"2026-01-07T14:55:15+00:00\",\"breadcrumb\":{\"@id\":\"https:\/\/www.consumerdirectco.com\/accessibility\/#breadcrumb\"},\"inLanguage\":\"es\",\"potentialAction\":[{\"@type\":\"ReadAction\",\"target\":[\"https:\/\/www.consumerdirectco.com\/accessibility\/\"]}]},{\"@type\":\"BreadcrumbList\",\"@id\":\"https:\/\/www.consumerdirectco.com\/accessibility\/#breadcrumb\",\"itemListElement\":[{\"@type\":\"ListItem\",\"position\":1,\"name\":\"Home\",\"item\":\"https:\/\/www.consumerdirectco.com\/\"},{\"@type\":\"ListItem\",\"position\":2,\"name\":\"Accessibility\"}]},{\"@type\":\"WebSite\",\"@id\":\"https:\/\/www.consumerdirectco.com\/#website\",\"url\":\"https:\/\/www.consumerdirectco.com\/\",\"name\":\"Colorado - Consumer Direct Care\",\"description\":\"\",\"publisher\":{\"@id\":\"https:\/\/www.consumerdirectco.com\/#organization\"},\"potentialAction\":[{\"@type\":\"SearchAction\",\"target\":{\"@type\":\"EntryPoint\",\"urlTemplate\":\"https:\/\/www.consumerdirectco.com\/?s={search_term_string}\"},\"query-input\":{\"@type\":\"PropertyValueSpecification\",\"valueRequired\":true,\"valueName\":\"search_term_string\"}}],\"inLanguage\":\"es\"},{\"@type\":\"Organization\",\"@id\":\"https:\/\/www.consumerdirectco.com\/#organization\",\"name\":\"Colorado - Consumer Direct Care\",\"url\":\"https:\/\/www.consumerdirectco.com\/\",\"logo\":{\"@type\":\"ImageObject\",\"inLanguage\":\"es\",\"@id\":\"https:\/\/www.consumerdirectco.com\/#\/schema\/logo\/image\/\",\"url\":\"https:\/\/www.consumerdirectco.com\/wp-content\/uploads\/sites\/20\/2025\/12\/logo-colorado.png\",\"contentUrl\":\"https:\/\/www.consumerdirectco.com\/wp-content\/uploads\/sites\/20\/2025\/12\/logo-colorado.png\",\"width\":159,\"height\":48,\"caption\":\"Colorado - Consumer Direct Care\"},\"image\":{\"@id\":\"https:\/\/www.consumerdirectco.com\/#\/schema\/logo\/image\/\"}}]}<\/script>\n<!-- \/ Yoast SEO plugin. -->","yoast_head_json":{"title":"Accessibility - Colorado - Consumer Direct Care","robots":{"index":"index","follow":"follow","max-snippet":"max-snippet:-1","max-image-preview":"max-image-preview:large","max-video-preview":"max-video-preview:-1"},"canonical":"https:\/\/www.consumerdirectco.com\/es\/accessibility\/","og_locale":"es_ES","og_type":"article","og_title":"Accessibility - Colorado - Consumer Direct Care","og_description":"Do you need help talking with us or reading what we send you? Do you have a disability and need help getting care or taking part in one of ourprograms or services? Or do you have more questions about your health care? Call us for free. We can connect you with the free help or [&hellip;]","og_url":"https:\/\/www.consumerdirectco.com\/es\/accessibility\/","og_site_name":"Colorado - Consumer Direct Care","article_modified_time":"2026-01-07T14:55:15+00:00","twitter_card":"summary_large_image","twitter_misc":{"Tiempo de lectura":"2 minutos"},"schema":{"@context":"https:\/\/schema.org","@graph":[{"@type":"WebPage","@id":"https:\/\/www.consumerdirectco.com\/accessibility\/","url":"https:\/\/www.consumerdirectco.com\/accessibility\/","name":"Accessibility - Colorado - Consumer Direct Care","isPartOf":{"@id":"https:\/\/www.consumerdirectco.com\/#website"},"datePublished":"2026-01-06T17:35:56+00:00","dateModified":"2026-01-07T14:55:15+00:00","breadcrumb":{"@id":"https:\/\/www.consumerdirectco.com\/accessibility\/#breadcrumb"},"inLanguage":"es","potentialAction":[{"@type":"ReadAction","target":["https:\/\/www.consumerdirectco.com\/accessibility\/"]}]},{"@type":"BreadcrumbList","@id":"https:\/\/www.consumerdirectco.com\/accessibility\/#breadcrumb","itemListElement":[{"@type":"ListItem","position":1,"name":"Home","item":"https:\/\/www.consumerdirectco.com\/"},{"@type":"ListItem","position":2,"name":"Accessibility"}]},{"@type":"WebSite","@id":"https:\/\/www.consumerdirectco.com\/#website","url":"https:\/\/www.consumerdirectco.com\/","name":"Colorado - Cuidado Directo al Consumidor","description":"","publisher":{"@id":"https:\/\/www.consumerdirectco.com\/#organization"},"potentialAction":[{"@type":"SearchAction","target":{"@type":"EntryPoint","urlTemplate":"https:\/\/www.consumerdirectco.com\/?s={search_term_string}"},"query-input":{"@type":"PropertyValueSpecification","valueRequired":true,"valueName":"search_term_string"}}],"inLanguage":"es"},{"@type":"Organization","@id":"https:\/\/www.consumerdirectco.com\/#organization","name":"Colorado - Cuidado Directo al Consumidor","url":"https:\/\/www.consumerdirectco.com\/","logo":{"@type":"ImageObject","inLanguage":"es","@id":"https:\/\/www.consumerdirectco.com\/#\/schema\/logo\/image\/","url":"https:\/\/www.consumerdirectco.com\/wp-content\/uploads\/sites\/20\/2025\/12\/logo-colorado.png","contentUrl":"https:\/\/www.consumerdirectco.com\/wp-content\/uploads\/sites\/20\/2025\/12\/logo-colorado.png","width":159,"height":48,"caption":"Colorado - Consumer Direct Care"},"image":{"@id":"https:\/\/www.consumerdirectco.com\/#\/schema\/logo\/image\/"}}]}},"_links":{"self":[{"href":"https:\/\/www.consumerdirectco.com\/es\/wp-json\/wp\/v2\/pages\/3287","targetHints":{"allow":["GET"]}}],"collection":[{"href":"https:\/\/www.consumerdirectco.com\/es\/wp-json\/wp\/v2\/pages"}],"about":[{"href":"https:\/\/www.consumerdirectco.com\/es\/wp-json\/wp\/v2\/types\/page"}],"author":[{"embeddable":true,"href":"https:\/\/www.consumerdirectco.com\/es\/wp-json\/wp\/v2\/users\/9"}],"replies":[{"embeddable":true,"href":"https:\/\/www.consumerdirectco.com\/es\/wp-json\/wp\/v2\/comments?post=3287"}],"version-history":[{"count":23,"href":"https:\/\/www.consumerdirectco.com\/es\/wp-json\/wp\/v2\/pages\/3287\/revisions"}],"predecessor-version":[{"id":3620,"href":"https:\/\/www.consumerdirectco.com\/es\/wp-json\/wp\/v2\/pages\/3287\/revisions\/3620"}],"wp:attachment":[{"href":"https:\/\/www.consumerdirectco.com\/es\/wp-json\/wp\/v2\/media?parent=3287"}],"curies":[{"name":"wp","href":"https:\/\/api.w.org\/{rel}","templated":true}]}}