{"id":3289,"date":"2026-01-06T17:36:42","date_gmt":"2026-01-06T17:36:42","guid":{"rendered":"https:\/\/staging-prod-co.cdcndevelopment.com\/?page_id=3289"},"modified":"2026-01-12T06:23:13","modified_gmt":"2026-01-12T06:23:13","slug":"language-help","status":"publish","type":"page","link":"https:\/\/www.consumerdirectco.com\/so\/language-help\/","title":{"rendered":"Caawinta Luqadda"},"content":{"rendered":"<div data-elementor-type=\"wp-page\" data-elementor-id=\"3289\" class=\"elementor elementor-3289\" data-elementor-post-type=\"page\">\n\t\t\t\t<div class=\"elementor-element elementor-element-167b8a7 e-con-full e-flex e-con e-parent\" data-id=\"167b8a7\" data-element_type=\"container\" data-settings=\"{&quot;background_background&quot;:&quot;classic&quot;}\">\n\t\t<div class=\"elementor-element elementor-element-3fa97cb e-con-full elementor-hidden-mobile e-flex e-con e-child\" data-id=\"3fa97cb\" data-element_type=\"container\" data-settings=\"{&quot;background_background&quot;:&quot;classic&quot;}\">\n\t\t\t\t<div class=\"elementor-element elementor-element-5cbda2e elementor-widget__width-initial elementor-widget elementor-widget-heading\" data-id=\"5cbda2e\" data-element_type=\"widget\" data-widget_type=\"heading.default\">\n\t\t\t\t\t<h1 class=\"elementor-heading-title elementor-size-default\">Luqadda <mark>Caawinaad<\/mark><\/h1>\t\t\t\t<\/div>\n\t\t\t\t<\/div>\n\t\t<div class=\"elementor-element elementor-element-a948279 elementor-hidden-desktop elementor-hidden-tablet e-flex e-con-boxed e-con e-child\" data-id=\"a948279\" data-element_type=\"container\">\n\t\t\t\t\t<div class=\"e-con-inner\">\n\t\t\t\t<div class=\"elementor-element elementor-element-ce6b587 elementor-widget__width-initial elementor-widget elementor-widget-heading\" data-id=\"ce6b587\" data-element_type=\"widget\" data-widget_type=\"heading.default\">\n\t\t\t\t\t<h1 class=\"elementor-heading-title elementor-size-default\">Luqadda <mark>Caawinaad<\/mark><\/h1>\t\t\t\t<\/div>\n\t\t\t\t<div class=\"elementor-element elementor-element-33f618a elementor-widget-mobile__width-inherit elementor-widget elementor-widget-image\" data-id=\"33f618a\" data-element_type=\"widget\" data-widget_type=\"image.default\">\n\t\t\t\t\t\t\t\t\t\t\t\t\t\t\t<img decoding=\"async\" src=\"https:\/\/www.consumerdirectco.com\/wp-content\/uploads\/sites\/20\/2025\/12\/leave-a-review-banner-mob.png\" title=\"\" alt=\"\" loading=\"lazy\" \/>\t\t\t\t\t\t\t\t\t\t\t\t\t\t\t<\/div>\n\t\t\t\t\t<\/div>\n\t\t\t\t<\/div>\n\t\t\t\t<\/div>\n\t\t<div class=\"elementor-element elementor-element-0ab4120 e-flex e-con-boxed e-con e-parent\" data-id=\"0ab4120\" data-element_type=\"container\">\n\t\t\t\t\t<div class=\"e-con-inner\">\n\t\t\t\t<div class=\"elementor-element elementor-element-66c80bc elementor-widget elementor-widget-text-editor\" data-id=\"66c80bc\" data-element_type=\"widget\" data-widget_type=\"text-editor.default\">\n\t\t\t\t\t\t\t\t\t<h3>Ma u baahan tahay Caawinaad Luqadeed oo Bilaash ah?<\/h3>\t\t\t\t\t\t\t\t<\/div>\n\t\t\t\t\t<\/div>\n\t\t\t\t<\/div>\n\t\t<div class=\"elementor-element elementor-element-58c3092 e-flex e-con-boxed e-con e-parent\" data-id=\"58c3092\" data-element_type=\"container\">\n\t\t\t\t\t<div class=\"e-con-inner\">\n\t\t\t\t<div class=\"elementor-element elementor-element-96c33c3 elementor-widget elementor-widget-text-editor\" data-id=\"96c33c3\" data-element_type=\"widget\" data-widget_type=\"text-editor.default\">\n\t\t\t\t\t\t\t\t\t<p style=\"color: #003764; letter-spacing: normal;\"><strong>Haddii aad ku hadasho luqad aan Ingiriisi ahayn, caawimo luqaddaada ah ayaa bilaash ah. Boggan wuxuu kuu sheegayaa sida loo helo caawimo luqad aan Ingiriisi ahayn. Waxa kale oo uu kuu sheegayaa caawimo kale oo la heli karo.<\/strong><\/p>\t\t\t\t\t\t\t\t<\/div>\n\t\t\t\t\t<\/div>\n\t\t\t\t<\/div>\n\t\t<div class=\"elementor-element elementor-element-a6019a0 e-con-full trp-no-translate e-flex e-con e-parent\" data-id=\"a6019a0\" data-element_type=\"container\" data-settings=\"{&quot;background_background&quot;:&quot;classic&quot;}\" data-no-translation=\"\">\n\t\t\t\t<div class=\"elementor-element elementor-element-d863e84 elementor-widget elementor-widget-text-editor\" data-id=\"d863e84\" data-element_type=\"widget\" data-widget_type=\"text-editor.default\">\n\t\t\t\t\t\t\t\t\t<p><strong>Spanish: Espa\u00f1ol<\/strong><br \/>ATENCI\u00d3N: si habla espa\u00f1ol, tiene a su disposici\u00f3n servicios gratuitos deasistencia ling\u00fc\u00edstica. Llame al 844-381-4433.<\/p><p><strong>Vietnamese: Ti\u1ebfng Vi\u1ec7t<\/strong><br \/>CH\u00da \u00dd: N\u1ebfu b\u1ea1n n\u00f3i Ti\u1ebfng Vi\u1ec7t, c\u00f3 c\u00e1c d\u1ecbch v\u1ee5h\u1ed7tr\u1ee3ng\u00f4n ng\u1eefmi\u1ec5n ph\u00ed d\u00e0nh cho b\u1ea1n. G\u1ecdi s\u1ed1 844-381-4433.<\/p><p><strong>Chinese: \u7e41\u9ad4\u4e2d\u2f42<\/strong><br \/>\u6ce8\u610f\uff1a\u5982\u679c\u60a8\u4f7f\u2f64\u7e41\u9ad4\u4e2d\u2f42\uff0c\u60a8\u53ef\u4ee5\u514d\u8cbb\u7372\u5f97\u8a9e\u2f94\u63f4\u52a9\u670d\u52d9\u3002\u8acb\u81f4\u96fb 844-381-4433.<\/p><p><strong>Korean: \ud55c\uad6d\uc5b4<\/strong><br \/>\uc8fc\uc758: \ud55c\uad6d\uc5b4\ub97c\uc0ac\uc6a9\ud558\uc2dc\ub294\uacbd\uc6b0, \uc5b8\uc5b4\uc9c0\uc6d0\uc11c\ube44\uc2a4\ub97c\ubb34\ub8cc\ub85c\uc774\uc6a9\ud558\uc2e4\uc218\uc788\uc2b5\ub2c8\ub2e4. 844-381-4433 \ubc88\uc73c\ub85c\uc804\ud654\ud574\uc8fc\uc2ed\uc2dc\uc624.<\/p><p><strong>Russian: \u0420\u0443\u0441\u0441\u043a\u0438\u0439<\/strong><br \/>\u0412\u041d\u0418\u041c\u0410\u041d\u0418\u0415: \u0415\u0441\u043b\u0438 \u0432\u044b\u0433\u043e\u0432\u043e\u0440\u0438\u0442\u0435 \u043d\u0430 \u0440\u0443\u0441\u0441\u043a\u043e\u043c \u044f\u0437\u044b\u043a\u0435, \u0442\u043e \u0432\u0430\u043c \u0434\u043e\u0441\u0442\u0443\u043f\u043d\u044b \u0431\u0435\u0441\u043f\u043b\u0430\u0442\u043d\u044b\u0435 \u0443\u0441\u043b\u0443\u0433\u0438 \u043f\u0435\u0440\u0435\u0432\u043e\u0434\u0430.\u0417\u0432\u043e\u043d\u0438\u0442\u0435 844-381-4433.<\/p><p><strong>Amharic: \u12a0\u121b\u122d\u129b<\/strong><br \/>\u121b\u1235\u1273\u12c8\u123b: \u12e8\u121a\u1293\u1308\u1229\u1275 \u124b\u1295\u124b \u12a3\u121b\u122d\u129b \u12a8\u1206\u1290 \u12e8\u1275\u122d\u1309\u121d \u12a5\u122d\u12f3\u1273 \u12f5\u122d\u1305\u1276\u127d\u1363 \u1260\u1290\u133b \u120a\u12eb\u130d\u12dd\u12ce\u1275 \u1270\u12d8\u130b\u1300\u1270\u12cb\u120d\u1361 \u12c8\u12f0 \u121a\u12a8\u1270\u1208\u12cd \u1241\u1325\u122d \u12ed\u12f0\u12cd\u1209 844-381-4433.<\/p>\t\t\t\t\t\t\t\t<\/div>\n\t\t\t\t<div class=\"elementor-element elementor-element-3829dd0 elementor-widget elementor-widget-text-editor\" data-id=\"3829dd0\" data-element_type=\"widget\" data-widget_type=\"text-editor.default\">\n\t\t\t\t\t\t\t\t\t<p><strong>Arabic: \ufe94\ufef4\ufe91\ufeae\ufecc\ufedf\u0627<\/strong><br \/>.844-381-4433 \ufee2\ufed7\ufeae\ufe91 \ufede\ufebc\ufe97\u0627 .\u0646\ufe8e\ufea0\ufee4\ufedf\ufe8e\ufe91 \ufeda\ufedf \ufeae\ufed3\u0627\ufeee\ufe98\ufe97 \ufe94\ufef3\ufeee\ufed0\ufee0\ufedf\u0627 \u0629\ufeaa\ufecb\ufe8e\ufeb4\ufee4\ufedf\u0627 \u062a\ufe8e\ufee3\ufeaa\ufea7 \u0646\ufe88\ufed3 \u060c\ufe94\ufed0\ufee0\ufedf\u0627 \ufeae\ufedb\u0630\u0627 \u062b\ufeaa\ufea4\ufe98\ufe97 \ufe96\ufee8\ufedb \u0627\u0630\u0625 :\ufe94\ufec7\ufeee\ufea4\ufee0\ufee3<\/p>\t\t\t\t\t\t\t\t<\/div>\n\t\t\t\t<div class=\"elementor-element elementor-element-27dc8ed elementor-widget elementor-widget-text-editor\" data-id=\"27dc8ed\" data-element_type=\"widget\" data-widget_type=\"text-editor.default\">\n\t\t\t\t\t\t\t\t\t<p><strong>German: Deutsch<\/strong><br \/>ACHTUNG: Wenn Sie Deutsch sprechen, stehen Ihnen kostenlos sprachliche Hilfsdienstleistungen zur Verf\u00fcgung. Rufnummer: 844-381-4433.<\/p>\n<p><strong>French: Fran\u00e7ais<\/strong><br \/>ATTENTION : Si vous parlez fran\u00e7ais, des services d\u2019aide linguistique vous sont propos\u00e9s gratuitement. Appelezle 844-381-4433.<\/p>\n<p><strong>Nepali:\u0928\u0947\u092a\u093e\u0932\u0940<\/strong><br \/>\u0927\u094d\u092f\u093e\u0928 \u0926\u0928\u0941\u0939\u094b\u0938\u094d: \u0924\u092a\u093e\u25cc\u0907\u0902\u0932\u0947 \u0928\u0947\u092a\u093e\u0932\u0940 \u092c\u094b\u0932\u094d\u0928\u0941\u0939\u0941\u0928\u094d\u091b \u092d\u0928\u0947 \u0924\u092a\u093e\u25cc\u0907\u0902\u0915\u094b \u0928 \u0924 \u092d\u093e\u0937\u093e \u0938\u0939\u093e\u092f\u0924\u093e \u0938\u0947\u0935\u093e\u0939\u0930\u0942\u0928\u0903\u0936\u0941\u0932\u094d\u0915 \u0930\u0942\u092a\u092e\u093e \u0909\u092a\u0932\u092c\u094d\u0927 \u091b \u0964 \u092b\u094b\u0928 \u0917\u0928\u0941\u0939\u094b\u0938\u094d 844-381-4433.<\/p>\n<p><strong>Tagalog: Tagalog<\/strong><br \/>PAUNAWA: Kung nagsasalita ka ng Tagalog, maaari kang gumamit ng mga serbisyo ng tulong sa wika nang walang bayad. Tumawag sa 844-381-4433.<\/p>\n<p><strong>Japanese: \u2f47\u672c\u8a9e<\/strong><br \/>\u6ce8\u610f\u4e8b\u9805\uff1a\u2f47\u672c\u8a9e\u3092\u8a71\u3055\u308c\u308b\u5834\u5408\u3001\u7121\u6599\u306e\u2f94\u8a9e\u2f40\u63f4\u3092\u3054\u5229\u2f64\u3044\u305f\u3060\u3051\u307e\u3059\u3002 844-381-4433 \u307e\u3067 \u3001\u304a \u96fb \u8a71\u306b\u3066\u3054\u9023\u7d61\u304f\u3060\u3055\u3044\u3002<\/p>\n<p><strong>Oromo: Oroomiffa<\/strong><br \/>XIYYEEFFANNAA: Afaan dubbattu Oroomiffa, tajaajila gargaarsa afaanii, kanfaltiidhaan ala, ni argama. Bilbilaa 844-381-4433.<\/p>\t\t\t\t\t\t\t\t<\/div>\n\t\t\t\t<div class=\"elementor-element elementor-element-3d5cff9 elementor-widget elementor-widget-text-editor\" data-id=\"3d5cff9\" data-element_type=\"widget\" data-widget_type=\"text-editor.default\">\n\t\t\t\t\t\t\t\t\t<p><strong>Farsi: \ufbfd\ufeb3\u0631\ufe8e\ufed3<\/strong><br \/>.\ufeaa\ufbfe\ufeae\ufbff\ufb95\ufe91 \u0633\ufe8e\ufee4\ufe97 844-381-4433 .\ufeaa\ufeb7\ufe8e\ufe91 \ufbfd\ufee3 \ufee2\ufeeb\u0627\ufeae\ufed3 \ufe8e\ufee4\ufeb7 \u06cc\u0627\ufeae\ufe91 \u0646\ufe8e\ufb95\ufbfe\u0627\u0631 \u062a\u0631\ufeee\ufebc\ufe91 \ufbfd\ufee7\ufe8e\ufe91\u0632 \u062a\ufefc\ufbff\ufeec\ufeb4\ufe97 \u060c\ufeaa\ufbff\ufee8\ufb90 \ufbfd\ufee3 \ufeee\ufb95\ufe98\ufed4\ufb94 \ufbfd\ufeb3\u0631\ufe8e\ufed3 \u0646\ufe8e\ufe91\u0632 \ufeea\ufe91 \ufeae\ufb94\u0627 :\ufeea\ufe9f\ufeee\ufe97\n\ufe8e\ufe91<\/p>\t\t\t\t\t\t\t\t<\/div>\n\t\t\t\t<div class=\"elementor-element elementor-element-b0e49a7 elementor-widget elementor-widget-text-editor\" data-id=\"b0e49a7\" data-element_type=\"widget\" data-widget_type=\"text-editor.default\">\n\t\t\t\t\t\t\t\t\t<p><strong>Polish: Polski<\/strong><br \/>UWAGA: Je\u017celi m\u00f3wisz po polsku, mo\u017cesz skorzysta\u0107 z bezp\u0142atnej pomocy j\u0119zykowej. Zadzwo\u0144 pod numer 844-381-4433.<\/p>\t\t\t\t\t\t\t\t<\/div>\n\t\t\t\t<\/div>\n\t\t\t\t<\/div>","protected":false},"excerpt":{"rendered":"<p>Ma u Baahan Tahay Caawinaad Luuqad Bilaash ah? Haddii aad ku hadasho luqad aan Ingiriisi ahayn, caawimo luqaddaada ah ayaa bilaash ah. Boggan wuxuu kuu sheegayaa sida loo helo caawimo luqad aan Ingiriisi ahayn. Waxa kale oo uu kuu sheegayaa caawimo kale oo la heli karo. Isbaanish: Isbaanish: ATENCI\u00d3N: si aad u hesho Isbaanish, adeeg aad ku heli karto [\u2026]<\/p>","protected":false},"author":9,"featured_media":0,"parent":0,"menu_order":0,"comment_status":"closed","ping_status":"closed","template":"","meta":{"_acf_changed":false,"footnotes":""},"class_list":["post-3289","page","type-page","status-publish","hentry"],"acf":[],"yoast_head":"<!-- This site is optimized with the Yoast SEO plugin v26.0 - https:\/\/yoast.com\/wordpress\/plugins\/seo\/ -->\n<title>Language Help - Colorado - Consumer Direct Care<\/title>\n<meta name=\"robots\" content=\"index, follow, max-snippet:-1, max-image-preview:large, max-video-preview:-1\" \/>\n<link rel=\"canonical\" href=\"https:\/\/www.consumerdirectco.com\/so\/language-help\/\" \/>\n<meta property=\"og:locale\" content=\"so_SO\" \/>\n<meta property=\"og:type\" content=\"article\" \/>\n<meta property=\"og:title\" content=\"Language Help - Colorado - Consumer Direct Care\" \/>\n<meta property=\"og:description\" content=\"Do You Need Free Language Help? If you speak a language other than English, help in your language is available for free. This page tells you how to get help in a language other than English. It also tells you about other help that\u2019s available. Spanish: Espa\u00f1olATENCI\u00d3N: si habla espa\u00f1ol, tiene a su disposici\u00f3n servicios [&hellip;]\" \/>\n<meta property=\"og:url\" content=\"https:\/\/www.consumerdirectco.com\/so\/language-help\/\" \/>\n<meta property=\"og:site_name\" content=\"Colorado - Consumer Direct Care\" \/>\n<meta property=\"article:modified_time\" content=\"2026-01-12T06:23:13+00:00\" \/>\n<meta name=\"twitter:card\" content=\"summary_large_image\" \/>\n<meta name=\"twitter:label1\" content=\"Est. reading time\" \/>\n\t<meta name=\"twitter:data1\" content=\"2 minutes\" \/>\n<script type=\"application\/ld+json\" class=\"yoast-schema-graph\">{\"@context\":\"https:\/\/schema.org\",\"@graph\":[{\"@type\":\"WebPage\",\"@id\":\"https:\/\/www.consumerdirectco.com\/language-help\/\",\"url\":\"https:\/\/www.consumerdirectco.com\/language-help\/\",\"name\":\"Language Help - Colorado - Consumer Direct Care\",\"isPartOf\":{\"@id\":\"https:\/\/www.consumerdirectco.com\/#website\"},\"datePublished\":\"2026-01-06T17:36:42+00:00\",\"dateModified\":\"2026-01-12T06:23:13+00:00\",\"breadcrumb\":{\"@id\":\"https:\/\/www.consumerdirectco.com\/language-help\/#breadcrumb\"},\"inLanguage\":\"so\",\"potentialAction\":[{\"@type\":\"ReadAction\",\"target\":[\"https:\/\/www.consumerdirectco.com\/language-help\/\"]}]},{\"@type\":\"BreadcrumbList\",\"@id\":\"https:\/\/www.consumerdirectco.com\/language-help\/#breadcrumb\",\"itemListElement\":[{\"@type\":\"ListItem\",\"position\":1,\"name\":\"Home\",\"item\":\"https:\/\/www.consumerdirectco.com\/\"},{\"@type\":\"ListItem\",\"position\":2,\"name\":\"Language Help\"}]},{\"@type\":\"WebSite\",\"@id\":\"https:\/\/www.consumerdirectco.com\/#website\",\"url\":\"https:\/\/www.consumerdirectco.com\/\",\"name\":\"Colorado - Consumer Direct Care\",\"description\":\"\",\"publisher\":{\"@id\":\"https:\/\/www.consumerdirectco.com\/#organization\"},\"potentialAction\":[{\"@type\":\"SearchAction\",\"target\":{\"@type\":\"EntryPoint\",\"urlTemplate\":\"https:\/\/www.consumerdirectco.com\/?s={search_term_string}\"},\"query-input\":{\"@type\":\"PropertyValueSpecification\",\"valueRequired\":true,\"valueName\":\"search_term_string\"}}],\"inLanguage\":\"so\"},{\"@type\":\"Organization\",\"@id\":\"https:\/\/www.consumerdirectco.com\/#organization\",\"name\":\"Colorado - Consumer Direct Care\",\"url\":\"https:\/\/www.consumerdirectco.com\/\",\"logo\":{\"@type\":\"ImageObject\",\"inLanguage\":\"so\",\"@id\":\"https:\/\/www.consumerdirectco.com\/#\/schema\/logo\/image\/\",\"url\":\"https:\/\/www.consumerdirectco.com\/wp-content\/uploads\/sites\/20\/2025\/12\/logo-colorado.png\",\"contentUrl\":\"https:\/\/www.consumerdirectco.com\/wp-content\/uploads\/sites\/20\/2025\/12\/logo-colorado.png\",\"width\":159,\"height\":48,\"caption\":\"Colorado - Consumer Direct Care\"},\"image\":{\"@id\":\"https:\/\/www.consumerdirectco.com\/#\/schema\/logo\/image\/\"}}]}<\/script>\n<!-- \/ Yoast SEO plugin. -->","yoast_head_json":{"title":"Language Help - Colorado - Consumer Direct Care","robots":{"index":"index","follow":"follow","max-snippet":"max-snippet:-1","max-image-preview":"max-image-preview:large","max-video-preview":"max-video-preview:-1"},"canonical":"https:\/\/www.consumerdirectco.com\/so\/language-help\/","og_locale":"so_SO","og_type":"article","og_title":"Language Help - Colorado - Consumer Direct Care","og_description":"Do You Need Free Language Help? If you speak a language other than English, help in your language is available for free. This page tells you how to get help in a language other than English. It also tells you about other help that\u2019s available. Spanish: Espa\u00f1olATENCI\u00d3N: si habla espa\u00f1ol, tiene a su disposici\u00f3n servicios [&hellip;]","og_url":"https:\/\/www.consumerdirectco.com\/so\/language-help\/","og_site_name":"Colorado - Consumer Direct Care","article_modified_time":"2026-01-12T06:23:13+00:00","twitter_card":"summary_large_image","twitter_misc":{"Est. reading time":"2 minutes"},"schema":{"@context":"https:\/\/schema.org","@graph":[{"@type":"WebPage","@id":"https:\/\/www.consumerdirectco.com\/language-help\/","url":"https:\/\/www.consumerdirectco.com\/language-help\/","name":"Language Help - Colorado - Consumer Direct Care","isPartOf":{"@id":"https:\/\/www.consumerdirectco.com\/#website"},"datePublished":"2026-01-06T17:36:42+00:00","dateModified":"2026-01-12T06:23:13+00:00","breadcrumb":{"@id":"https:\/\/www.consumerdirectco.com\/language-help\/#breadcrumb"},"inLanguage":"so","potentialAction":[{"@type":"ReadAction","target":["https:\/\/www.consumerdirectco.com\/language-help\/"]}]},{"@type":"BreadcrumbList","@id":"https:\/\/www.consumerdirectco.com\/language-help\/#breadcrumb","itemListElement":[{"@type":"ListItem","position":1,"name":"Home","item":"https:\/\/www.consumerdirectco.com\/"},{"@type":"ListItem","position":2,"name":"Language Help"}]},{"@type":"WebSite","@id":"https:\/\/www.consumerdirectco.com\/#website","url":"https:\/\/www.consumerdirectco.com\/","name":"Colorado - Daryeelka Tooska ah ee Macaamiisha","description":"","publisher":{"@id":"https:\/\/www.consumerdirectco.com\/#organization"},"potentialAction":[{"@type":"SearchAction","target":{"@type":"EntryPoint","urlTemplate":"https:\/\/www.consumerdirectco.com\/?s={search_term_string}"},"query-input":{"@type":"PropertyValueSpecification","valueRequired":true,"valueName":"search_term_string"}}],"inLanguage":"so"},{"@type":"Organization","@id":"https:\/\/www.consumerdirectco.com\/#organization","name":"Colorado - Daryeelka Tooska ah ee Macaamiisha","url":"https:\/\/www.consumerdirectco.com\/","logo":{"@type":"ImageObject","inLanguage":"so","@id":"https:\/\/www.consumerdirectco.com\/#\/schema\/logo\/image\/","url":"https:\/\/www.consumerdirectco.com\/wp-content\/uploads\/sites\/20\/2025\/12\/logo-colorado.png","contentUrl":"https:\/\/www.consumerdirectco.com\/wp-content\/uploads\/sites\/20\/2025\/12\/logo-colorado.png","width":159,"height":48,"caption":"Colorado - Consumer Direct Care"},"image":{"@id":"https:\/\/www.consumerdirectco.com\/#\/schema\/logo\/image\/"}}]}},"_links":{"self":[{"href":"https:\/\/www.consumerdirectco.com\/so\/wp-json\/wp\/v2\/pages\/3289","targetHints":{"allow":["GET"]}}],"collection":[{"href":"https:\/\/www.consumerdirectco.com\/so\/wp-json\/wp\/v2\/pages"}],"about":[{"href":"https:\/\/www.consumerdirectco.com\/so\/wp-json\/wp\/v2\/types\/page"}],"author":[{"embeddable":true,"href":"https:\/\/www.consumerdirectco.com\/so\/wp-json\/wp\/v2\/users\/9"}],"replies":[{"embeddable":true,"href":"https:\/\/www.consumerdirectco.com\/so\/wp-json\/wp\/v2\/comments?post=3289"}],"version-history":[{"count":62,"href":"https:\/\/www.consumerdirectco.com\/so\/wp-json\/wp\/v2\/pages\/3289\/revisions"}],"predecessor-version":[{"id":3801,"href":"https:\/\/www.consumerdirectco.com\/so\/wp-json\/wp\/v2\/pages\/3289\/revisions\/3801"}],"wp:attachment":[{"href":"https:\/\/www.consumerdirectco.com\/so\/wp-json\/wp\/v2\/media?parent=3289"}],"curies":[{"name":"wp","href":"https:\/\/api.w.org\/{rel}","templated":true}]}}