{"id":1132,"date":"2025-12-12T06:21:04","date_gmt":"2025-12-12T06:21:04","guid":{"rendered":"https:\/\/staging-prod-co.cdcndevelopment.com\/?page_id=1132"},"modified":"2026-02-06T07:32:48","modified_gmt":"2026-02-06T07:32:48","slug":"ihss-member-ar-orientation","status":"publish","type":"page","link":"https:\/\/www.consumerdirectco.com\/vi\/training\/ihss-member-ar-orientation\/","title":{"rendered":"H\u01b0\u1edbng d\u1eabn cho Th\u00e0nh vi\u00ean IHSS v\u00e0 AR"},"content":{"rendered":"<div data-elementor-type=\"wp-page\" data-elementor-id=\"1132\" class=\"elementor elementor-1132\" data-elementor-post-type=\"page\">\n\t\t\t\t<div class=\"elementor-element elementor-element-c7f7fa0 e-con-full e-flex e-con e-parent\" data-id=\"c7f7fa0\" data-element_type=\"container\" data-settings=\"{&quot;background_background&quot;:&quot;classic&quot;}\">\n\t\t<div class=\"elementor-element elementor-element-368cf60 e-con-full elementor-hidden-tablet elementor-hidden-mobile e-flex e-con e-child\" data-id=\"368cf60\" data-element_type=\"container\">\n\t\t<div class=\"elementor-element elementor-element-14d373c e-con-full e-flex e-con e-child\" data-id=\"14d373c\" data-element_type=\"container\" data-settings=\"{&quot;sticky&quot;:&quot;top&quot;,&quot;sticky_offset&quot;:150,&quot;sticky_parent&quot;:&quot;yes&quot;,&quot;background_background&quot;:&quot;classic&quot;,&quot;sticky_on&quot;:[&quot;desktop&quot;,&quot;tablet&quot;,&quot;mobile&quot;],&quot;sticky_effects_offset&quot;:0,&quot;sticky_anchor_link_offset&quot;:0}\">\n\t\t\t\t<div class=\"elementor-element elementor-element-e8b5519 elementor-align-justify elementor-widget__width-inherit elementor-widget elementor-widget-button\" data-id=\"e8b5519\" data-element_type=\"widget\" data-widget_type=\"button.default\">\n\t\t\t\t\t\t\t\t\t\t<a class=\"elementor-button elementor-button-link elementor-size-sm\" href=\"https:\/\/www.consumerdirectco.com\/vi\/training\/case-manager-training\/\">\n\t\t\t\t\t\t<span class=\"elementor-button-content-wrapper\">\n\t\t\t\t\t\t\t\t\t<span class=\"elementor-button-text\">\u0110\u00e0o t\u1ea1o Qu\u1ea3n l\u00fd Tr\u01b0\u1eddng h\u1ee3p<\/span>\n\t\t\t\t\t<\/span>\n\t\t\t\t\t<\/a>\n\t\t\t\t\t\t\t\t<\/div>\n\t\t\t\t<div class=\"elementor-element elementor-element-3cd7218 elementor-align-justify elementor-widget__width-inherit elementor-widget elementor-widget-button\" data-id=\"3cd7218\" data-element_type=\"widget\" data-widget_type=\"button.default\">\n\t\t\t\t\t\t\t\t\t\t<a class=\"elementor-button elementor-button-link elementor-size-sm\" href=\"https:\/\/www.consumerdirectco.com\/vi\/training\/cdass-member-ar-orientation\/\">\n\t\t\t\t\t\t<span class=\"elementor-button-content-wrapper\">\n\t\t\t\t\t\t\t\t\t<span class=\"elementor-button-text\">H\u01b0\u1edbng d\u1eabn cho Th\u00e0nh vi\u00ean CDASS v\u00e0 AR<\/span>\n\t\t\t\t\t<\/span>\n\t\t\t\t\t<\/a>\n\t\t\t\t\t\t\t\t<\/div>\n\t\t\t\t<div class=\"elementor-element elementor-element-dabb0c1 elementor-align-justify elementor-widget__width-inherit elementor-widget elementor-widget-button\" data-id=\"dabb0c1\" data-element_type=\"widget\" data-widget_type=\"button.default\">\n\t\t\t\t\t\t\t\t\t\t<a class=\"elementor-button elementor-button-link elementor-size-sm\" href=\"https:\/\/www.consumerdirectco.com\/vi\/training\/ihss-member-ar-orientation\/\">\n\t\t\t\t\t\t<span class=\"elementor-button-content-wrapper\">\n\t\t\t\t\t\t\t\t\t<span class=\"elementor-button-text\">H\u01b0\u1edbng d\u1eabn cho Th\u00e0nh vi\u00ean IHSS v\u00e0 AR<\/span>\n\t\t\t\t\t<\/span>\n\t\t\t\t\t<\/a>\n\t\t\t\t\t\t\t\t<\/div>\n\t\t\t\t<div class=\"elementor-element elementor-element-135873e elementor-align-justify elementor-widget__width-inherit elementor-widget elementor-widget-button\" data-id=\"135873e\" data-element_type=\"widget\" data-widget_type=\"button.default\">\n\t\t\t\t\t\t\t\t\t\t<a class=\"elementor-button elementor-button-link elementor-size-sm\" href=\"https:\/\/www.consumerdirectco.com\/vi\/training\/ihss-provider-training\/\">\n\t\t\t\t\t\t<span class=\"elementor-button-content-wrapper\">\n\t\t\t\t\t\t\t\t\t<span class=\"elementor-button-text\">\u0110\u00e0o t\u1ea1o nh\u00e0 cung c\u1ea5p d\u1ecbch v\u1ee5 IHSS<\/span>\n\t\t\t\t\t<\/span>\n\t\t\t\t\t<\/a>\n\t\t\t\t\t\t\t\t<\/div>\n\t\t\t\t<div class=\"elementor-element elementor-element-86ba6e9 elementor-align-justify elementor-widget__width-inherit elementor-widget elementor-widget-button\" data-id=\"86ba6e9\" data-element_type=\"widget\" data-widget_type=\"button.default\">\n\t\t\t\t\t\t\t\t\t\t<a class=\"elementor-button elementor-button-link elementor-size-sm\" href=\"https:\/\/www.consumerdirectco.com\/vi\/training\/sls-cdass-case-manager-training\/\">\n\t\t\t\t\t\t<span class=\"elementor-button-content-wrapper\">\n\t\t\t\t\t\t\t\t\t<span class=\"elementor-button-text\">\u0110\u00e0o t\u1ea1o Qu\u1ea3n l\u00fd Tr\u01b0\u1eddng h\u1ee3p SLS CDASS<\/span>\n\t\t\t\t\t<\/span>\n\t\t\t\t\t<\/a>\n\t\t\t\t\t\t\t\t<\/div>\n\t\t\t\t<\/div>\n\t\t\t\t<\/div>\n\t\t<div class=\"elementor-element elementor-element-50dcab8 e-con-full e-flex e-con e-child\" data-id=\"50dcab8\" data-element_type=\"container\">\n\t\t<div class=\"elementor-element elementor-element-dbfa7e1 e-con-full e-flex e-con e-child\" data-id=\"dbfa7e1\" data-element_type=\"container\">\n\t\t\t\t<div class=\"elementor-element elementor-element-ededbec section-tag-white elementor-widget elementor-widget-heading\" data-id=\"ededbec\" data-element_type=\"widget\" data-widget_type=\"heading.default\">\n\t\t\t\t\t<h2 class=\"elementor-heading-title elementor-size-default\">M\u1ea1ng l\u01b0\u1edbi Ch\u0103m s\u00f3c Tr\u1ef1c ti\u1ebfp cho Ng\u01b0\u1eddi ti\u00eau d\u00f9ng Colorado<\/h2>\t\t\t\t<\/div>\n\t\t\t\t<div class=\"elementor-element elementor-element-86072b6 elementor-widget elementor-widget-heading\" data-id=\"86072b6\" data-element_type=\"widget\" data-widget_type=\"heading.default\">\n\t\t\t\t\t<h1 class=\"elementor-heading-title elementor-size-default\">\u0110\u00c0O T\u1ea0O<\/h1>\t\t\t\t<\/div>\n\t\t\t\t<div class=\"elementor-element elementor-element-f22cc53 elementor-widget elementor-widget-text-editor\" data-id=\"f22cc53\" data-element_type=\"widget\" data-widget_type=\"text-editor.default\">\n\t\t\t\t\t\t\t\t\t<h4>H\u01b0\u1edbng d\u1eabn cho Th\u00e0nh vi\u00ean IHSS v\u00e0 \u0110\u1ea1i di\u1ec7n \u0111\u01b0\u1ee3c \u1ee7y quy\u1ec1n<\/h4>\n<p>M\u1ea1ng l\u01b0\u1edbi Ch\u0103m s\u00f3c Tr\u1ef1c ti\u1ebfp cho Ng\u01b0\u1eddi ti\u00eau d\u00f9ng Colorado (CDCO) cung c\u1ea5p \u0111\u00e0o t\u1ea1o v\u00e0 h\u1ed7 tr\u1ee3 cho t\u00f9y ch\u1ecdn cung c\u1ea5p d\u1ecbch v\u1ee5 t\u1ef1 qu\u1ea3n l\u00fd c\u1ee7a D\u1ecbch v\u1ee5 H\u1ed7 tr\u1ee3 T\u1ea1i Nh\u00e0 (IHSS). Ch\u00fang t\u00f4i h\u1ed7 tr\u1ee3 th\u00e0nh vi\u00ean v\u00e0 \u0110\u1ea1i di\u1ec7n \u0110\u01b0\u1ee3c \u1ee6y quy\u1ec1n (AR) b\u1eb1ng c\u00e1ch cung c\u1ea5p cho h\u1ecd c\u00e1c c\u00f4ng c\u1ee5, \u0111\u00e0o t\u1ea1o v\u00e0 h\u1ed7 tr\u1ee3.<\/p>\n<p>Ch\u00fang t\u00f4i c\u0169ng h\u1ee3p t\u00e1c v\u1edbi c\u00e1c nh\u00e0 th\u1ea7u c\u1ee7a D\u1ecbch v\u1ee5 Qu\u1ea3n l\u00fd T\u00e0i ch\u00ednh (FMS), c\u00e1c nh\u00f3m \u0111\u1ed1i t\u00e1c kh\u00e1c v\u00e0 S\u1edf Ch\u00ednh s\u00e1ch v\u00e0 T\u00e0i ch\u00ednh Y t\u1ebf Colorado (HCPF) \u0111\u1ec3 \u0111\u1ea3m b\u1ea3o qu\u00e1 tr\u00ecnh \u0111\u0103ng k\u00fd di\u1ec5n ra su\u00f4n s\u1ebb v\u00e0 c\u00e1c th\u00e0nh vi\u00ean c\u00f3 \u0111\u01b0\u1ee3c nh\u1eefng g\u00ec h\u1ecd c\u1ea7n.<\/p>\n\t\t\t\t\t\t\t\t<\/div>\n\t\t\t\t<\/div>\n\t\t<div class=\"elementor-element elementor-element-a588c7a e-con-full e-flex e-con e-child\" data-id=\"a588c7a\" data-element_type=\"container\" data-settings=\"{&quot;background_background&quot;:&quot;classic&quot;}\">\n\t\t\t\t<div class=\"elementor-element elementor-element-a6731de elementor-widget elementor-widget-text-editor\" data-id=\"a6731de\" data-element_type=\"widget\" data-widget_type=\"text-editor.default\">\n\t\t\t\t\t\t\t\t\t<h4>\u0110\u00e0o t\u1ea1o ph\u00f9 h\u1ee3p v\u1edbi l\u1ecbch tr\u00ecnh c\u1ee7a b\u1ea1n<\/h4>\n<p>CDCO cung c\u1ea5p c\u00e1c kh\u00f3a \u0111\u00e0o t\u1ea1o tr\u1ef1c tuy\u1ebfn cho th\u00e0nh vi\u00ean IHSS v\u00e0 AR. B\u1ea1n c\u00f3 th\u1ec3 tham gia kh\u00f3a \u0111\u00e0o t\u1ea1o v\u00e0o th\u1eddi gian thu\u1eadn ti\u1ec7n nh\u1ea5t cho m\u00ecnh. Khi \u0111\u0103ng nh\u1eadp l\u1ea7n \u0111\u1ea7u, b\u1ea1n s\u1ebd t\u1ea1o t\u00e0i kho\u1ea3n \u2013 sau \u0111\u00f3, vi\u1ec7c ch\u1ecdn c\u00e1c kh\u00f3a \u0111\u00e0o t\u1ea1o ph\u00f9 h\u1ee3p v\u1edbi l\u1ecbch tr\u00ecnh c\u1ee7a b\u1ea1n s\u1ebd r\u1ea5t \u0111\u01a1n gi\u1ea3n. \u0110\u1ec3 bi\u1ebft th\u00eam th\u00f4ng tin v\u1ec1 d\u1ecbch v\u1ee5 IHSS, <a href=\"https:\/\/www.consumerdirectco.com\/vi\/ihss\/\"><strong>Vui l\u00f2ng truy c\u1eadp ph\u1ea7n IHSS tr\u00ean trang web c\u1ee7a ch\u00fang t\u00f4i.<\/strong><\/a> ho\u1eb7c <a href=\"https:\/\/www.consumerdirectco.com\/vi\/contact\/\"> <strong>Li\u00ean h\u1ec7 v\u1edbi ch\u00fang t\u00f4i<\/strong><\/a>.<\/p>\n<div class=\"ewa-rteLine\"><\/div>\n\t\t\t\t\t\t\t\t<\/div>\n\t\t\t\t<div class=\"elementor-element elementor-element-2c69fa5 primary-dark elementor-align-justify elementor-mobile-align-justify elementor-widget__width-initial elementor-widget-mobile__width-inherit elementor-widget elementor-widget-button\" data-id=\"2c69fa5\" data-element_type=\"widget\" data-widget_type=\"button.default\">\n\t\t\t\t\t\t\t\t\t\t<a class=\"elementor-button elementor-button-link elementor-size-sm\" href=\"https:\/\/www.myworkday.com\/wday\/vps\/wday\/calypso\/bootstrap\/eex\/requestuserbootstrap\/cdcn\/478c5ee4ebfc1001159ae9bee13a0000\" target=\"_blank\">\n\t\t\t\t\t\t<span class=\"elementor-button-content-wrapper\">\n\t\t\t\t\t\t<span class=\"elementor-button-icon\">\n\t\t\t\t<svg xmlns=\"http:\/\/www.w3.org\/2000\/svg\" width=\"24\" height=\"24\" viewbox=\"0 0 24 24\" fill=\"none\"><path d=\"M12 12C10.9 12 9.95833 11.6083 9.175 10.825C8.39167 10.0417 8 9.1 8 8C8 6.9 8.39167 5.95833 9.175 5.175C9.95833 4.39167 10.9 4 12 4C13.1 4 14.0417 4.39167 14.825 5.175C15.6083 5.95833 16 6.9 16 8C16 9.1 15.6083 10.0417 14.825 10.825C14.0417 11.6083 13.1 12 12 12ZM4 20V17.2C4 16.6333 4.14583 16.1125 4.4375 15.6375C4.72917 15.1625 5.11667 14.8 5.6 14.55C6.63333 14.0333 7.68333 13.6458 8.75 13.3875C9.81667 13.1292 10.9 13 12 13C13.1 13 14.1833 13.1292 15.25 13.3875C16.3167 13.6458 17.3667 14.0333 18.4 14.55C18.8833 14.8 19.2708 15.1625 19.5625 15.6375C19.8542 16.1125 20 16.6333 20 17.2V20H4ZM6 18H18V17.2C18 17.0167 17.9542 16.85 17.8625 16.7C17.7708 16.55 17.65 16.4333 17.5 16.35C16.6 15.9 15.6917 15.5625 14.775 15.3375C13.8583 15.1125 12.9333 15 12 15C11.0667 15 10.1417 15.1125 9.225 15.3375C8.30833 15.5625 7.4 15.9 6.5 16.35C6.35 16.4333 6.22917 16.55 6.1375 16.7C6.04583 16.85 6 17.0167 6 17.2V18ZM12 10C12.55 10 13.0208 9.80417 13.4125 9.4125C13.8042 9.02083 14 8.55 14 8C14 7.45 13.8042 6.97917 13.4125 6.5875C13.0208 6.19583 12.55 6 12 6C11.45 6 10.9792 6.19583 10.5875 6.5875C10.1958 6.97917 10 7.45 10 8C10 8.55 10.1958 9.02083 10.5875 9.4125C10.9792 9.80417 11.45 10 12 10Z\" fill=\"white\"><\/path><\/svg>\t\t\t<\/span>\n\t\t\t\t\t\t\t\t\t<span class=\"elementor-button-text\">\u0110\u0103ng nh\u1eadp cho ng\u01b0\u1eddi d\u00f9ng m\u1edbi<\/span>\n\t\t\t\t\t<\/span>\n\t\t\t\t\t<\/a>\n\t\t\t\t\t\t\t\t<\/div>\n\t\t\t\t<\/div>\n\t\t<div class=\"elementor-element elementor-element-8b7ee60 e-con-full e-flex e-con e-child\" data-id=\"8b7ee60\" data-element_type=\"container\" data-settings=\"{&quot;background_background&quot;:&quot;classic&quot;}\">\n\t\t\t\t<div class=\"elementor-element elementor-element-163acb6 elementor-widget elementor-widget-text-editor\" data-id=\"163acb6\" data-element_type=\"widget\" data-widget_type=\"text-editor.default\">\n\t\t\t\t\t\t\t\t\t<h4>T\u00ecm ki\u1ebfm d\u1ecbch v\u1ee5 ch\u0103m s\u00f3c v\u1edbi s\u1ef1 tin t\u01b0\u1edfng<\/h4>\n<p>IHSS gi\u00fap m\u1ecdi ng\u01b0\u1eddi t\u1ef1 ch\u1ee7 trong vi\u1ec7c ch\u0103m s\u00f3c b\u1ea3n th\u00e2n. M\u1ee5c ti\u00eau c\u1ee7a ch\u00fang t\u00f4i l\u00e0 gi\u00fap b\u1ea1n ph\u00e1t tri\u1ec3n c\u00e1c k\u1ef9 n\u0103ng c\u1ea7n thi\u1ebft \u0111\u1ec3 t\u1ef1 tin t\u00ecm ki\u1ebfm d\u1ecbch v\u1ee5 ch\u0103m s\u00f3c.<\/p>\n\t\t\t\t\t\t\t\t<\/div>\n\t\t\t\t<div class=\"elementor-element elementor-element-3a0e8b4 primary-dark elementor-align-justify elementor-mobile-align-justify elementor-widget__width-initial elementor-widget-mobile__width-inherit elementor-widget elementor-widget-button\" data-id=\"3a0e8b4\" data-element_type=\"widget\" data-widget_type=\"button.default\">\n\t\t\t\t\t\t\t\t\t\t<a class=\"elementor-button elementor-button-link elementor-size-sm\" href=\"https:\/\/www.myworkday.com\/wday\/authgwy\/cdcn\/login.htmld?redirect=n\" target=\"_blank\">\n\t\t\t\t\t\t<span class=\"elementor-button-content-wrapper\">\n\t\t\t\t\t\t<span class=\"elementor-button-icon\">\n\t\t\t\t<svg xmlns=\"http:\/\/www.w3.org\/2000\/svg\" width=\"24\" height=\"24\" viewbox=\"0 0 24 24\" fill=\"none\"><path d=\"M16.175 13H4V11H16.175L10.575 5.4L12 4L20 12L12 20L10.575 18.6L16.175 13Z\" fill=\"white\"><\/path><\/svg>\t\t\t<\/span>\n\t\t\t\t\t\t\t\t\t<span class=\"elementor-button-text\">\u0110\u0103ng nh\u1eadp cho ng\u01b0\u1eddi d\u00f9ng hi\u1ec7n t\u1ea1i<\/span>\n\t\t\t\t\t<\/span>\n\t\t\t\t\t<\/a>\n\t\t\t\t\t\t\t\t<\/div>\n\t\t\t\t<\/div>\n\t\t<div class=\"elementor-element elementor-element-8799a55 e-con-full e-flex e-con e-child\" data-id=\"8799a55\" data-element_type=\"container\" data-settings=\"{&quot;background_background&quot;:&quot;classic&quot;}\">\n\t\t\t\t<div class=\"elementor-element elementor-element-106c635 elementor-widget__width-inherit elementor-widget elementor-widget-heading\" data-id=\"106c635\" data-element_type=\"widget\" data-widget_type=\"heading.default\">\n\t\t\t\t\t<h3 class=\"elementor-heading-title elementor-size-default\">C\u1ea7n th\u00eam s\u1ef1 tr\u1ee3 gi\u00fap?<\/h3>\t\t\t\t<\/div>\n\t\t\t\t<div class=\"elementor-element elementor-element-76db1dc elementor-mobile-align-justify elementor-widget-mobile__width-inherit primary-light elementor-widget elementor-widget-button\" data-id=\"76db1dc\" data-element_type=\"widget\" data-widget_type=\"button.default\">\n\t\t\t\t\t\t\t\t\t\t<a class=\"elementor-button elementor-button-link elementor-size-sm\" href=\"https:\/\/t8yly.share-na2.hsforms.com\/2Zqc6yk9gQH2Ej9gSs6L5RQ\" target=\"_blank\">\n\t\t\t\t\t\t<span class=\"elementor-button-content-wrapper\">\n\t\t\t\t\t\t\t\t\t<span class=\"elementor-button-text\">Y\u00eau c\u1ea7u \u0111\u00e0o t\u1ea1o tr\u1ef1c ti\u1ebfp<\/span>\n\t\t\t\t\t<\/span>\n\t\t\t\t\t<\/a>\n\t\t\t\t\t\t\t\t<\/div>\n\t\t\t\t<\/div>\n\t\t\t\t<\/div>\n\t\t\t\t<\/div>\n\t\t\t\t<\/div>","protected":false},"excerpt":{"rendered":"<p>Case Manager Training CDASS Member &amp; AR Orientation IHSS Member &amp; AR Orientation IHSS Provider Training SLS CDASS Case Manager Training Need more help? Request In-Person Training<\/p>","protected":false},"author":2,"featured_media":0,"parent":1707,"menu_order":0,"comment_status":"closed","ping_status":"closed","template":"","meta":{"_acf_changed":false,"footnotes":""},"class_list":["post-1132","page","type-page","status-publish","hentry"],"acf":[],"yoast_head":"<!-- This site is optimized with the Yoast SEO plugin v26.0 - https:\/\/yoast.com\/wordpress\/plugins\/seo\/ -->\n<title>IHSS Member &amp; AR Orientation - Colorado - Consumer Direct Care<\/title>\n<meta name=\"robots\" content=\"index, follow, max-snippet:-1, max-image-preview:large, max-video-preview:-1\" \/>\n<link rel=\"canonical\" href=\"https:\/\/www.consumerdirectco.com\/vi\/training\/ihss-member-ar-orientation\/\" \/>\n<meta property=\"og:locale\" content=\"vi_VN\" \/>\n<meta property=\"og:type\" content=\"article\" \/>\n<meta property=\"og:title\" content=\"IHSS Member &amp; AR Orientation - Colorado - Consumer Direct Care\" \/>\n<meta property=\"og:description\" content=\"Case Manager Training CDASS Member &amp; AR Orientation IHSS Member &amp; AR Orientation IHSS Provider Training SLS CDASS Case Manager Training Need more help? Request In-Person Training\" \/>\n<meta property=\"og:url\" content=\"https:\/\/www.consumerdirectco.com\/vi\/training\/ihss-member-ar-orientation\/\" \/>\n<meta property=\"og:site_name\" content=\"Colorado - Consumer Direct Care\" \/>\n<meta property=\"article:modified_time\" content=\"2026-02-06T07:32:48+00:00\" \/>\n<meta name=\"twitter:card\" content=\"summary_large_image\" \/>\n<meta name=\"twitter:label1\" content=\"\u01af\u1edbc t\u00ednh th\u1eddi gian \u0111\u1ecdc\" \/>\n\t<meta name=\"twitter:data1\" content=\"1 ph\u00fat\" \/>\n<script type=\"application\/ld+json\" class=\"yoast-schema-graph\">{\"@context\":\"https:\/\/schema.org\",\"@graph\":[{\"@type\":\"WebPage\",\"@id\":\"https:\/\/www.consumerdirectco.com\/training\/ihss-member-ar-orientation\/\",\"url\":\"https:\/\/www.consumerdirectco.com\/training\/ihss-member-ar-orientation\/\",\"name\":\"IHSS Member &amp; AR Orientation - Colorado - Consumer Direct Care\",\"isPartOf\":{\"@id\":\"https:\/\/www.consumerdirectco.com\/#website\"},\"datePublished\":\"2025-12-12T06:21:04+00:00\",\"dateModified\":\"2026-02-06T07:32:48+00:00\",\"breadcrumb\":{\"@id\":\"https:\/\/www.consumerdirectco.com\/training\/ihss-member-ar-orientation\/#breadcrumb\"},\"inLanguage\":\"vi\",\"potentialAction\":[{\"@type\":\"ReadAction\",\"target\":[\"https:\/\/www.consumerdirectco.com\/training\/ihss-member-ar-orientation\/\"]}]},{\"@type\":\"BreadcrumbList\",\"@id\":\"https:\/\/www.consumerdirectco.com\/training\/ihss-member-ar-orientation\/#breadcrumb\",\"itemListElement\":[{\"@type\":\"ListItem\",\"position\":1,\"name\":\"Home\",\"item\":\"https:\/\/www.consumerdirectco.com\/\"},{\"@type\":\"ListItem\",\"position\":2,\"name\":\"Training\",\"item\":\"https:\/\/www.consumerdirectco.com\/training\/\"},{\"@type\":\"ListItem\",\"position\":3,\"name\":\"IHSS Member &amp; AR Orientation\"}]},{\"@type\":\"WebSite\",\"@id\":\"https:\/\/www.consumerdirectco.com\/#website\",\"url\":\"https:\/\/www.consumerdirectco.com\/\",\"name\":\"Colorado - Consumer Direct Care\",\"description\":\"\",\"publisher\":{\"@id\":\"https:\/\/www.consumerdirectco.com\/#organization\"},\"potentialAction\":[{\"@type\":\"SearchAction\",\"target\":{\"@type\":\"EntryPoint\",\"urlTemplate\":\"https:\/\/www.consumerdirectco.com\/?s={search_term_string}\"},\"query-input\":{\"@type\":\"PropertyValueSpecification\",\"valueRequired\":true,\"valueName\":\"search_term_string\"}}],\"inLanguage\":\"vi\"},{\"@type\":\"Organization\",\"@id\":\"https:\/\/www.consumerdirectco.com\/#organization\",\"name\":\"Colorado - Consumer Direct Care\",\"url\":\"https:\/\/www.consumerdirectco.com\/\",\"logo\":{\"@type\":\"ImageObject\",\"inLanguage\":\"vi\",\"@id\":\"https:\/\/www.consumerdirectco.com\/#\/schema\/logo\/image\/\",\"url\":\"https:\/\/www.consumerdirectco.com\/wp-content\/uploads\/sites\/20\/2025\/12\/logo-colorado.png\",\"contentUrl\":\"https:\/\/www.consumerdirectco.com\/wp-content\/uploads\/sites\/20\/2025\/12\/logo-colorado.png\",\"width\":159,\"height\":48,\"caption\":\"Colorado - Consumer Direct Care\"},\"image\":{\"@id\":\"https:\/\/www.consumerdirectco.com\/#\/schema\/logo\/image\/\"}}]}<\/script>\n<!-- \/ Yoast SEO plugin. -->","yoast_head_json":{"title":"IHSS Member &amp; AR Orientation - Colorado - Consumer Direct Care","robots":{"index":"index","follow":"follow","max-snippet":"max-snippet:-1","max-image-preview":"max-image-preview:large","max-video-preview":"max-video-preview:-1"},"canonical":"https:\/\/www.consumerdirectco.com\/vi\/training\/ihss-member-ar-orientation\/","og_locale":"vi_VN","og_type":"article","og_title":"IHSS Member &amp; AR Orientation - Colorado - Consumer Direct Care","og_description":"Case Manager Training CDASS Member &amp; AR Orientation IHSS Member &amp; AR Orientation IHSS Provider Training SLS CDASS Case Manager Training Need more help? Request In-Person Training","og_url":"https:\/\/www.consumerdirectco.com\/vi\/training\/ihss-member-ar-orientation\/","og_site_name":"Colorado - Consumer Direct Care","article_modified_time":"2026-02-06T07:32:48+00:00","twitter_card":"summary_large_image","twitter_misc":{"\u01af\u1edbc t\u00ednh th\u1eddi gian \u0111\u1ecdc":"1 ph\u00fat"},"schema":{"@context":"https:\/\/schema.org","@graph":[{"@type":"WebPage","@id":"https:\/\/www.consumerdirectco.com\/training\/ihss-member-ar-orientation\/","url":"https:\/\/www.consumerdirectco.com\/training\/ihss-member-ar-orientation\/","name":"IHSS Member &amp; AR Orientation - Colorado - Consumer Direct Care","isPartOf":{"@id":"https:\/\/www.consumerdirectco.com\/#website"},"datePublished":"2025-12-12T06:21:04+00:00","dateModified":"2026-02-06T07:32:48+00:00","breadcrumb":{"@id":"https:\/\/www.consumerdirectco.com\/training\/ihss-member-ar-orientation\/#breadcrumb"},"inLanguage":"vi","potentialAction":[{"@type":"ReadAction","target":["https:\/\/www.consumerdirectco.com\/training\/ihss-member-ar-orientation\/"]}]},{"@type":"BreadcrumbList","@id":"https:\/\/www.consumerdirectco.com\/training\/ihss-member-ar-orientation\/#breadcrumb","itemListElement":[{"@type":"ListItem","position":1,"name":"Home","item":"https:\/\/www.consumerdirectco.com\/"},{"@type":"ListItem","position":2,"name":"Training","item":"https:\/\/www.consumerdirectco.com\/training\/"},{"@type":"ListItem","position":3,"name":"IHSS Member &amp; AR Orientation"}]},{"@type":"WebSite","@id":"https:\/\/www.consumerdirectco.com\/#website","url":"https:\/\/www.consumerdirectco.com\/","name":"Colorado - Ch\u0103m s\u00f3c tr\u1ef1c ti\u1ebfp cho ng\u01b0\u1eddi ti\u00eau d\u00f9ng","description":"","publisher":{"@id":"https:\/\/www.consumerdirectco.com\/#organization"},"potentialAction":[{"@type":"SearchAction","target":{"@type":"EntryPoint","urlTemplate":"https:\/\/www.consumerdirectco.com\/?s={search_term_string}"},"query-input":{"@type":"PropertyValueSpecification","valueRequired":true,"valueName":"search_term_string"}}],"inLanguage":"vi"},{"@type":"Organization","@id":"https:\/\/www.consumerdirectco.com\/#organization","name":"Colorado - Ch\u0103m s\u00f3c tr\u1ef1c ti\u1ebfp cho ng\u01b0\u1eddi ti\u00eau d\u00f9ng","url":"https:\/\/www.consumerdirectco.com\/","logo":{"@type":"ImageObject","inLanguage":"vi","@id":"https:\/\/www.consumerdirectco.com\/#\/schema\/logo\/image\/","url":"https:\/\/www.consumerdirectco.com\/wp-content\/uploads\/sites\/20\/2025\/12\/logo-colorado.png","contentUrl":"https:\/\/www.consumerdirectco.com\/wp-content\/uploads\/sites\/20\/2025\/12\/logo-colorado.png","width":159,"height":48,"caption":"Colorado - Consumer Direct Care"},"image":{"@id":"https:\/\/www.consumerdirectco.com\/#\/schema\/logo\/image\/"}}]}},"_links":{"self":[{"href":"https:\/\/www.consumerdirectco.com\/vi\/wp-json\/wp\/v2\/pages\/1132","targetHints":{"allow":["GET"]}}],"collection":[{"href":"https:\/\/www.consumerdirectco.com\/vi\/wp-json\/wp\/v2\/pages"}],"about":[{"href":"https:\/\/www.consumerdirectco.com\/vi\/wp-json\/wp\/v2\/types\/page"}],"author":[{"embeddable":true,"href":"https:\/\/www.consumerdirectco.com\/vi\/wp-json\/wp\/v2\/users\/2"}],"replies":[{"embeddable":true,"href":"https:\/\/www.consumerdirectco.com\/vi\/wp-json\/wp\/v2\/comments?post=1132"}],"version-history":[{"count":35,"href":"https:\/\/www.consumerdirectco.com\/vi\/wp-json\/wp\/v2\/pages\/1132\/revisions"}],"predecessor-version":[{"id":4216,"href":"https:\/\/www.consumerdirectco.com\/vi\/wp-json\/wp\/v2\/pages\/1132\/revisions\/4216"}],"up":[{"embeddable":true,"href":"https:\/\/www.consumerdirectco.com\/vi\/wp-json\/wp\/v2\/pages\/1707"}],"wp:attachment":[{"href":"https:\/\/www.consumerdirectco.com\/vi\/wp-json\/wp\/v2\/media?parent=1132"}],"curies":[{"name":"wp","href":"https:\/\/api.w.org\/{rel}","templated":true}]}}