{"id":1136,"date":"2025-12-12T06:21:41","date_gmt":"2025-12-12T06:21:41","guid":{"rendered":"https:\/\/staging-prod-co.cdcndevelopment.com\/?page_id=1136"},"modified":"2026-02-05T03:58:25","modified_gmt":"2026-02-05T03:58:25","slug":"sls-cdass-case-manager-training","status":"publish","type":"page","link":"https:\/\/www.consumerdirectco.com\/vi\/training\/sls-cdass-case-manager-training\/","title":{"rendered":"\u0110\u00e0o t\u1ea1o Qu\u1ea3n l\u00fd Tr\u01b0\u1eddng h\u1ee3p SLS CDASS"},"content":{"rendered":"<div data-elementor-type=\"wp-page\" data-elementor-id=\"1136\" class=\"elementor elementor-1136\" data-elementor-post-type=\"page\">\n\t\t\t\t<div class=\"elementor-element elementor-element-13cc8d1 e-con-full e-flex e-con e-parent\" data-id=\"13cc8d1\" data-element_type=\"container\" data-settings=\"{&quot;background_background&quot;:&quot;classic&quot;}\">\n\t\t<div class=\"elementor-element elementor-element-c8b1a92 e-con-full elementor-hidden-tablet elementor-hidden-mobile e-flex e-con e-child\" data-id=\"c8b1a92\" data-element_type=\"container\">\n\t\t<div class=\"elementor-element elementor-element-f6f1d05 e-con-full e-flex e-con e-child\" data-id=\"f6f1d05\" data-element_type=\"container\" data-settings=\"{&quot;sticky&quot;:&quot;top&quot;,&quot;sticky_offset&quot;:150,&quot;sticky_parent&quot;:&quot;yes&quot;,&quot;background_background&quot;:&quot;classic&quot;,&quot;sticky_on&quot;:[&quot;desktop&quot;,&quot;tablet&quot;,&quot;mobile&quot;],&quot;sticky_effects_offset&quot;:0,&quot;sticky_anchor_link_offset&quot;:0}\">\n\t\t\t\t<div class=\"elementor-element elementor-element-273ed83 elementor-align-justify elementor-widget__width-inherit elementor-widget elementor-widget-button\" data-id=\"273ed83\" data-element_type=\"widget\" data-widget_type=\"button.default\">\n\t\t\t\t\t\t\t\t\t\t<a class=\"elementor-button elementor-button-link elementor-size-sm\" href=\"https:\/\/www.consumerdirectco.com\/vi\/training\/case-manager-training\/\">\n\t\t\t\t\t\t<span class=\"elementor-button-content-wrapper\">\n\t\t\t\t\t\t\t\t\t<span class=\"elementor-button-text\">\u0110\u00e0o t\u1ea1o Qu\u1ea3n l\u00fd Tr\u01b0\u1eddng h\u1ee3p<\/span>\n\t\t\t\t\t<\/span>\n\t\t\t\t\t<\/a>\n\t\t\t\t\t\t\t\t<\/div>\n\t\t\t\t<div class=\"elementor-element elementor-element-3e45bdd elementor-align-justify elementor-widget__width-inherit elementor-widget elementor-widget-button\" data-id=\"3e45bdd\" data-element_type=\"widget\" data-widget_type=\"button.default\">\n\t\t\t\t\t\t\t\t\t\t<a class=\"elementor-button elementor-button-link elementor-size-sm\" href=\"https:\/\/www.consumerdirectco.com\/vi\/training\/cdass-member-ar-orientation\/\">\n\t\t\t\t\t\t<span class=\"elementor-button-content-wrapper\">\n\t\t\t\t\t\t\t\t\t<span class=\"elementor-button-text\">H\u01b0\u1edbng d\u1eabn cho Th\u00e0nh vi\u00ean CDASS v\u00e0 AR<\/span>\n\t\t\t\t\t<\/span>\n\t\t\t\t\t<\/a>\n\t\t\t\t\t\t\t\t<\/div>\n\t\t\t\t<div class=\"elementor-element elementor-element-14c96a1 elementor-align-justify elementor-widget__width-inherit elementor-widget elementor-widget-button\" data-id=\"14c96a1\" data-element_type=\"widget\" data-widget_type=\"button.default\">\n\t\t\t\t\t\t\t\t\t\t<a class=\"elementor-button elementor-button-link elementor-size-sm\" href=\"https:\/\/www.consumerdirectco.com\/vi\/training\/ihss-member-ar-orientation\/\">\n\t\t\t\t\t\t<span class=\"elementor-button-content-wrapper\">\n\t\t\t\t\t\t\t\t\t<span class=\"elementor-button-text\">H\u01b0\u1edbng d\u1eabn cho Th\u00e0nh vi\u00ean IHSS v\u00e0 AR<\/span>\n\t\t\t\t\t<\/span>\n\t\t\t\t\t<\/a>\n\t\t\t\t\t\t\t\t<\/div>\n\t\t\t\t<div class=\"elementor-element elementor-element-22ecd01 elementor-align-justify elementor-widget__width-inherit elementor-widget elementor-widget-button\" data-id=\"22ecd01\" data-element_type=\"widget\" data-widget_type=\"button.default\">\n\t\t\t\t\t\t\t\t\t\t<a class=\"elementor-button elementor-button-link elementor-size-sm\" href=\"https:\/\/www.consumerdirectco.com\/vi\/training\/ihss-provider-training\/\">\n\t\t\t\t\t\t<span class=\"elementor-button-content-wrapper\">\n\t\t\t\t\t\t\t\t\t<span class=\"elementor-button-text\">\u0110\u00e0o t\u1ea1o nh\u00e0 cung c\u1ea5p d\u1ecbch v\u1ee5 IHSS<\/span>\n\t\t\t\t\t<\/span>\n\t\t\t\t\t<\/a>\n\t\t\t\t\t\t\t\t<\/div>\n\t\t\t\t<div class=\"elementor-element elementor-element-6f986eb elementor-align-justify elementor-widget__width-inherit elementor-widget elementor-widget-button\" data-id=\"6f986eb\" data-element_type=\"widget\" data-widget_type=\"button.default\">\n\t\t\t\t\t\t\t\t\t\t<a class=\"elementor-button elementor-button-link elementor-size-sm\" href=\"https:\/\/www.consumerdirectco.com\/vi\/training\/sls-cdass-case-manager-training\/\">\n\t\t\t\t\t\t<span class=\"elementor-button-content-wrapper\">\n\t\t\t\t\t\t\t\t\t<span class=\"elementor-button-text\">\u0110\u00e0o t\u1ea1o Qu\u1ea3n l\u00fd Tr\u01b0\u1eddng h\u1ee3p SLS CDASS<\/span>\n\t\t\t\t\t<\/span>\n\t\t\t\t\t<\/a>\n\t\t\t\t\t\t\t\t<\/div>\n\t\t\t\t<\/div>\n\t\t\t\t<\/div>\n\t\t<div class=\"elementor-element elementor-element-7fd4886 e-con-full e-flex e-con e-child\" data-id=\"7fd4886\" data-element_type=\"container\">\n\t\t<div class=\"elementor-element elementor-element-f40b9bc e-con-full e-flex e-con e-child\" data-id=\"f40b9bc\" data-element_type=\"container\">\n\t\t\t\t<div class=\"elementor-element elementor-element-44351f9 section-tag-white elementor-widget elementor-widget-heading\" data-id=\"44351f9\" data-element_type=\"widget\" data-widget_type=\"heading.default\">\n\t\t\t\t\t<h2 class=\"elementor-heading-title elementor-size-default\">M\u1ea1ng l\u01b0\u1edbi Ch\u0103m s\u00f3c Tr\u1ef1c ti\u1ebfp cho Ng\u01b0\u1eddi ti\u00eau d\u00f9ng Colorado<\/h2>\t\t\t\t<\/div>\n\t\t\t\t<div class=\"elementor-element elementor-element-21bf152 elementor-widget elementor-widget-heading\" data-id=\"21bf152\" data-element_type=\"widget\" data-widget_type=\"heading.default\">\n\t\t\t\t\t<h1 class=\"elementor-heading-title elementor-size-default\">\u0110\u00c0O T\u1ea0O<\/h1>\t\t\t\t<\/div>\n\t\t\t\t<div class=\"elementor-element elementor-element-76b3462 elementor-widget elementor-widget-text-editor\" data-id=\"76b3462\" data-element_type=\"widget\" data-widget_type=\"text-editor.default\">\n\t\t\t\t\t\t\t\t\t<h4>\u0110\u00e0o t\u1ea1o Qu\u1ea3n l\u00fd Tr\u01b0\u1eddng h\u1ee3p SLS CDASS<\/h4>\n<p>Ngo\u00e0i ch\u01b0\u01a1ng tr\u00ecnh \u0111\u00e0o t\u1ea1o Qu\u1ea3n l\u00fd Tr\u01b0\u1eddng h\u1ee3p IHSS, CDASS &amp; SLS CDASS, c\u00e1c Qu\u1ea3n l\u00fd Tr\u01b0\u1eddng h\u1ee3p D\u1ecbch v\u1ee5 H\u1ed7 tr\u1ee3 Sinh ho\u1ea1t \u0110\u01b0\u1ee3c H\u01b0\u1edbng d\u1eabn B\u1edfi Ng\u01b0\u1eddi S\u1eed D\u1ee5ng (SLS CDASS) c\u00f3 th\u1ec3 y\u00eau c\u1ea7u \u0111\u00e0o t\u1ea1o chuy\u00ean s\u00e2u v\u1ec1 SLS. \u0110\u1ec3 n\u1ed9p y\u00eau c\u1ea7u, vui l\u00f2ng \u0111i\u1ec1n v\u00e0o bi\u1ec3u m\u1eabu b\u00ean d\u01b0\u1edbi. Ch\u00fang t\u00f4i lu\u00f4n s\u1eb5n s\u00e0ng h\u1ed7 tr\u1ee3 b\u1ea1n!<\/p>\n<p>N\u1ebfu b\u1ea1n c\u1ea7n h\u1ed7 tr\u1ee3 \u0111\u0103ng nh\u1eadp v\u00e0o Workday \u0111\u1ec3 xem c\u00e1c t\u00f9y ch\u1ecdn c\u00f3 s\u1eb5n <a href=\"https:\/\/www.consumerdirectco.com\/vi\/case-manager-training\/\"><strong>\u0110\u00e0o t\u1ea1o Chuy\u00ean vi\u00ean Qu\u1ea3n l\u00fd Tr\u01b0\u1eddng h\u1ee3p<\/strong><\/a> C\u00e1c s\u1ea3n ph\u1ea9m, vui l\u00f2ng g\u1eedi email. <a href=\"mailto:InfoCDCO@ConsumerDirectCare.com\"><strong>InfoCDCO@ConsumerDirectCare.com<\/strong><\/a><\/p>\n\t\t\t\t\t\t\t\t<\/div>\n\t\t\t\t<\/div>\n\t\t<div class=\"elementor-element elementor-element-715c00b e-con-full e-flex e-con e-child\" data-id=\"715c00b\" data-element_type=\"container\" data-settings=\"{&quot;background_background&quot;:&quot;classic&quot;}\">\n\t\t<div class=\"elementor-element elementor-element-b17e19b e-con-full e-flex e-con e-child\" data-id=\"b17e19b\" data-element_type=\"container\">\n\t\t\t\t<div class=\"elementor-element elementor-element-37a5d43 elementor-widget elementor-widget-html\" data-id=\"37a5d43\" data-element_type=\"widget\" data-widget_type=\"html.default\">\n\t\t\t\t\t<script src=\"https:\/\/js-na2.hsforms.net\/forms\/embed\/49126966.js\" defer><\/script>\r\n<div class=\"hs-form-frame\" data-region=\"na2\" data-form-id=\"8a054392-d54f-4b89-9cef-a38d9c391de2\" data-portal-id=\"49126966\"><\/div>\t\t\t\t<\/div>\n\t\t\t\t<\/div>\n\t\t\t\t<\/div>\n\t\t<div class=\"elementor-element elementor-element-4461f18 e-con-full e-flex e-con e-child\" data-id=\"4461f18\" data-element_type=\"container\" data-settings=\"{&quot;background_background&quot;:&quot;classic&quot;}\">\n\t\t\t\t<div class=\"elementor-element elementor-element-8039a00 elementor-widget__width-inherit elementor-widget elementor-widget-heading\" data-id=\"8039a00\" data-element_type=\"widget\" data-widget_type=\"heading.default\">\n\t\t\t\t\t<h3 class=\"elementor-heading-title elementor-size-default\">C\u1ea7n th\u00eam s\u1ef1 tr\u1ee3 gi\u00fap?<\/h3>\t\t\t\t<\/div>\n\t\t\t\t<div class=\"elementor-element elementor-element-88c2b29 elementor-mobile-align-justify elementor-widget-mobile__width-inherit primary-light elementor-widget elementor-widget-button\" data-id=\"88c2b29\" data-element_type=\"widget\" data-widget_type=\"button.default\">\n\t\t\t\t\t\t\t\t\t\t<a class=\"elementor-button elementor-button-link elementor-size-sm\" href=\"https:\/\/www.consumerdirectco.com\/vi\/contact\/\">\n\t\t\t\t\t\t<span class=\"elementor-button-content-wrapper\">\n\t\t\t\t\t\t\t\t\t<span class=\"elementor-button-text\">H\u00e3y tr\u00f2 chuy\u1ec7n v\u1edbi m\u1ed9t th\u00e0nh vi\u00ean trong nh\u00f3m.<\/span>\n\t\t\t\t\t<\/span>\n\t\t\t\t\t<\/a>\n\t\t\t\t\t\t\t\t<\/div>\n\t\t\t\t<\/div>\n\t\t\t\t<\/div>\n\t\t\t\t<\/div>\n\t\t\t\t<\/div>","protected":false},"excerpt":{"rendered":"<p>Case Manager Training CDASS Member &amp; AR Orientation IHSS Member &amp; AR Orientation IHSS Provider Training SLS CDASS Case Manager Training Need more help? Talk to a Team Member<\/p>","protected":false},"author":2,"featured_media":0,"parent":1707,"menu_order":0,"comment_status":"closed","ping_status":"closed","template":"","meta":{"_acf_changed":false,"footnotes":""},"class_list":["post-1136","page","type-page","status-publish","hentry"],"acf":[],"yoast_head":"<!-- This site is optimized with the Yoast SEO plugin v26.0 - https:\/\/yoast.com\/wordpress\/plugins\/seo\/ -->\n<title>SLS CDASS Case Manager Training - Colorado - Consumer Direct Care<\/title>\n<meta name=\"robots\" content=\"index, follow, max-snippet:-1, max-image-preview:large, max-video-preview:-1\" \/>\n<link rel=\"canonical\" href=\"https:\/\/www.consumerdirectco.com\/vi\/training\/sls-cdass-case-manager-training\/\" \/>\n<meta property=\"og:locale\" content=\"vi_VN\" \/>\n<meta property=\"og:type\" content=\"article\" \/>\n<meta property=\"og:title\" content=\"SLS CDASS Case Manager Training - Colorado - Consumer Direct Care\" \/>\n<meta property=\"og:description\" content=\"Case Manager Training CDASS Member &amp; AR Orientation IHSS Member &amp; AR Orientation IHSS Provider Training SLS CDASS Case Manager Training Need more help? Talk to a Team Member\" \/>\n<meta property=\"og:url\" content=\"https:\/\/www.consumerdirectco.com\/vi\/training\/sls-cdass-case-manager-training\/\" \/>\n<meta property=\"og:site_name\" content=\"Colorado - Consumer Direct Care\" \/>\n<meta property=\"article:modified_time\" content=\"2026-02-05T03:58:25+00:00\" \/>\n<meta name=\"twitter:card\" content=\"summary_large_image\" \/>\n<meta name=\"twitter:label1\" content=\"\u01af\u1edbc t\u00ednh th\u1eddi gian \u0111\u1ecdc\" \/>\n\t<meta name=\"twitter:data1\" content=\"1 ph\u00fat\" \/>\n<script type=\"application\/ld+json\" class=\"yoast-schema-graph\">{\"@context\":\"https:\/\/schema.org\",\"@graph\":[{\"@type\":\"WebPage\",\"@id\":\"https:\/\/www.consumerdirectco.com\/training\/sls-cdass-case-manager-training\/\",\"url\":\"https:\/\/www.consumerdirectco.com\/training\/sls-cdass-case-manager-training\/\",\"name\":\"SLS CDASS Case Manager Training - Colorado - Consumer Direct Care\",\"isPartOf\":{\"@id\":\"https:\/\/www.consumerdirectco.com\/#website\"},\"datePublished\":\"2025-12-12T06:21:41+00:00\",\"dateModified\":\"2026-02-05T03:58:25+00:00\",\"breadcrumb\":{\"@id\":\"https:\/\/www.consumerdirectco.com\/training\/sls-cdass-case-manager-training\/#breadcrumb\"},\"inLanguage\":\"vi\",\"potentialAction\":[{\"@type\":\"ReadAction\",\"target\":[\"https:\/\/www.consumerdirectco.com\/training\/sls-cdass-case-manager-training\/\"]}]},{\"@type\":\"BreadcrumbList\",\"@id\":\"https:\/\/www.consumerdirectco.com\/training\/sls-cdass-case-manager-training\/#breadcrumb\",\"itemListElement\":[{\"@type\":\"ListItem\",\"position\":1,\"name\":\"Home\",\"item\":\"https:\/\/www.consumerdirectco.com\/\"},{\"@type\":\"ListItem\",\"position\":2,\"name\":\"Training\",\"item\":\"https:\/\/www.consumerdirectco.com\/training\/\"},{\"@type\":\"ListItem\",\"position\":3,\"name\":\"SLS CDASS Case Manager Training\"}]},{\"@type\":\"WebSite\",\"@id\":\"https:\/\/www.consumerdirectco.com\/#website\",\"url\":\"https:\/\/www.consumerdirectco.com\/\",\"name\":\"Colorado - Consumer Direct Care\",\"description\":\"\",\"publisher\":{\"@id\":\"https:\/\/www.consumerdirectco.com\/#organization\"},\"potentialAction\":[{\"@type\":\"SearchAction\",\"target\":{\"@type\":\"EntryPoint\",\"urlTemplate\":\"https:\/\/www.consumerdirectco.com\/?s={search_term_string}\"},\"query-input\":{\"@type\":\"PropertyValueSpecification\",\"valueRequired\":true,\"valueName\":\"search_term_string\"}}],\"inLanguage\":\"vi\"},{\"@type\":\"Organization\",\"@id\":\"https:\/\/www.consumerdirectco.com\/#organization\",\"name\":\"Colorado - Consumer Direct Care\",\"url\":\"https:\/\/www.consumerdirectco.com\/\",\"logo\":{\"@type\":\"ImageObject\",\"inLanguage\":\"vi\",\"@id\":\"https:\/\/www.consumerdirectco.com\/#\/schema\/logo\/image\/\",\"url\":\"https:\/\/www.consumerdirectco.com\/wp-content\/uploads\/sites\/20\/2025\/12\/logo-colorado.png\",\"contentUrl\":\"https:\/\/www.consumerdirectco.com\/wp-content\/uploads\/sites\/20\/2025\/12\/logo-colorado.png\",\"width\":159,\"height\":48,\"caption\":\"Colorado - Consumer Direct Care\"},\"image\":{\"@id\":\"https:\/\/www.consumerdirectco.com\/#\/schema\/logo\/image\/\"}}]}<\/script>\n<!-- \/ Yoast SEO plugin. -->","yoast_head_json":{"title":"SLS CDASS Case Manager Training - Colorado - Consumer Direct Care","robots":{"index":"index","follow":"follow","max-snippet":"max-snippet:-1","max-image-preview":"max-image-preview:large","max-video-preview":"max-video-preview:-1"},"canonical":"https:\/\/www.consumerdirectco.com\/vi\/training\/sls-cdass-case-manager-training\/","og_locale":"vi_VN","og_type":"article","og_title":"SLS CDASS Case Manager Training - Colorado - Consumer Direct Care","og_description":"Case Manager Training CDASS Member &amp; AR Orientation IHSS Member &amp; AR Orientation IHSS Provider Training SLS CDASS Case Manager Training Need more help? Talk to a Team Member","og_url":"https:\/\/www.consumerdirectco.com\/vi\/training\/sls-cdass-case-manager-training\/","og_site_name":"Colorado - Consumer Direct Care","article_modified_time":"2026-02-05T03:58:25+00:00","twitter_card":"summary_large_image","twitter_misc":{"\u01af\u1edbc t\u00ednh th\u1eddi gian \u0111\u1ecdc":"1 ph\u00fat"},"schema":{"@context":"https:\/\/schema.org","@graph":[{"@type":"WebPage","@id":"https:\/\/www.consumerdirectco.com\/training\/sls-cdass-case-manager-training\/","url":"https:\/\/www.consumerdirectco.com\/training\/sls-cdass-case-manager-training\/","name":"SLS CDASS Case Manager Training - Colorado - Consumer Direct Care","isPartOf":{"@id":"https:\/\/www.consumerdirectco.com\/#website"},"datePublished":"2025-12-12T06:21:41+00:00","dateModified":"2026-02-05T03:58:25+00:00","breadcrumb":{"@id":"https:\/\/www.consumerdirectco.com\/training\/sls-cdass-case-manager-training\/#breadcrumb"},"inLanguage":"vi","potentialAction":[{"@type":"ReadAction","target":["https:\/\/www.consumerdirectco.com\/training\/sls-cdass-case-manager-training\/"]}]},{"@type":"BreadcrumbList","@id":"https:\/\/www.consumerdirectco.com\/training\/sls-cdass-case-manager-training\/#breadcrumb","itemListElement":[{"@type":"ListItem","position":1,"name":"Home","item":"https:\/\/www.consumerdirectco.com\/"},{"@type":"ListItem","position":2,"name":"Training","item":"https:\/\/www.consumerdirectco.com\/training\/"},{"@type":"ListItem","position":3,"name":"SLS CDASS Case Manager Training"}]},{"@type":"WebSite","@id":"https:\/\/www.consumerdirectco.com\/#website","url":"https:\/\/www.consumerdirectco.com\/","name":"Colorado - Ch\u0103m s\u00f3c tr\u1ef1c ti\u1ebfp cho ng\u01b0\u1eddi ti\u00eau d\u00f9ng","description":"","publisher":{"@id":"https:\/\/www.consumerdirectco.com\/#organization"},"potentialAction":[{"@type":"SearchAction","target":{"@type":"EntryPoint","urlTemplate":"https:\/\/www.consumerdirectco.com\/?s={search_term_string}"},"query-input":{"@type":"PropertyValueSpecification","valueRequired":true,"valueName":"search_term_string"}}],"inLanguage":"vi"},{"@type":"Organization","@id":"https:\/\/www.consumerdirectco.com\/#organization","name":"Colorado - Ch\u0103m s\u00f3c tr\u1ef1c ti\u1ebfp cho ng\u01b0\u1eddi ti\u00eau d\u00f9ng","url":"https:\/\/www.consumerdirectco.com\/","logo":{"@type":"ImageObject","inLanguage":"vi","@id":"https:\/\/www.consumerdirectco.com\/#\/schema\/logo\/image\/","url":"https:\/\/www.consumerdirectco.com\/wp-content\/uploads\/sites\/20\/2025\/12\/logo-colorado.png","contentUrl":"https:\/\/www.consumerdirectco.com\/wp-content\/uploads\/sites\/20\/2025\/12\/logo-colorado.png","width":159,"height":48,"caption":"Colorado - Consumer Direct Care"},"image":{"@id":"https:\/\/www.consumerdirectco.com\/#\/schema\/logo\/image\/"}}]}},"_links":{"self":[{"href":"https:\/\/www.consumerdirectco.com\/vi\/wp-json\/wp\/v2\/pages\/1136","targetHints":{"allow":["GET"]}}],"collection":[{"href":"https:\/\/www.consumerdirectco.com\/vi\/wp-json\/wp\/v2\/pages"}],"about":[{"href":"https:\/\/www.consumerdirectco.com\/vi\/wp-json\/wp\/v2\/types\/page"}],"author":[{"embeddable":true,"href":"https:\/\/www.consumerdirectco.com\/vi\/wp-json\/wp\/v2\/users\/2"}],"replies":[{"embeddable":true,"href":"https:\/\/www.consumerdirectco.com\/vi\/wp-json\/wp\/v2\/comments?post=1136"}],"version-history":[{"count":47,"href":"https:\/\/www.consumerdirectco.com\/vi\/wp-json\/wp\/v2\/pages\/1136\/revisions"}],"predecessor-version":[{"id":4205,"href":"https:\/\/www.consumerdirectco.com\/vi\/wp-json\/wp\/v2\/pages\/1136\/revisions\/4205"}],"up":[{"embeddable":true,"href":"https:\/\/www.consumerdirectco.com\/vi\/wp-json\/wp\/v2\/pages\/1707"}],"wp:attachment":[{"href":"https:\/\/www.consumerdirectco.com\/vi\/wp-json\/wp\/v2\/media?parent=1136"}],"curies":[{"name":"wp","href":"https:\/\/api.w.org\/{rel}","templated":true}]}}