{"id":3287,"date":"2026-01-06T17:35:56","date_gmt":"2026-01-06T17:35:56","guid":{"rendered":"https:\/\/staging-prod-co.cdcndevelopment.com\/?page_id=3287"},"modified":"2026-01-07T14:55:15","modified_gmt":"2026-01-07T14:55:15","slug":"accessibility","status":"publish","type":"page","link":"https:\/\/www.consumerdirectco.com\/vi\/accessibility\/","title":{"rendered":"T\u00ednh kh\u1ea3 d\u1ee5ng"},"content":{"rendered":"<div data-elementor-type=\"wp-page\" data-elementor-id=\"3287\" class=\"elementor elementor-3287\" data-elementor-post-type=\"page\">\n\t\t\t\t<div class=\"elementor-element elementor-element-58df5c3 e-con-full e-flex e-con e-parent\" data-id=\"58df5c3\" data-element_type=\"container\" data-settings=\"{&quot;background_background&quot;:&quot;classic&quot;}\">\n\t\t<div class=\"elementor-element elementor-element-de09b51 e-con-full elementor-hidden-mobile e-flex e-con e-child\" data-id=\"de09b51\" data-element_type=\"container\" data-settings=\"{&quot;background_background&quot;:&quot;classic&quot;}\">\n\t\t\t\t<div class=\"elementor-element elementor-element-1f82473 elementor-widget__width-initial elementor-widget elementor-widget-heading\" data-id=\"1f82473\" data-element_type=\"widget\" data-widget_type=\"heading.default\">\n\t\t\t\t\t<h1 class=\"elementor-heading-title elementor-size-default\"><mark>T\u00ednh kh\u1ea3 d\u1ee5ng<\/mark><\/h1>\t\t\t\t<\/div>\n\t\t\t\t<\/div>\n\t\t<div class=\"elementor-element elementor-element-d3aac82 elementor-hidden-desktop elementor-hidden-tablet e-flex e-con-boxed e-con e-child\" data-id=\"d3aac82\" data-element_type=\"container\">\n\t\t\t\t\t<div class=\"e-con-inner\">\n\t\t\t\t<div class=\"elementor-element elementor-element-de688a2 elementor-widget__width-initial elementor-widget elementor-widget-heading\" data-id=\"de688a2\" data-element_type=\"widget\" data-widget_type=\"heading.default\">\n\t\t\t\t\t<h1 class=\"elementor-heading-title elementor-size-default\"><mark>T\u00ednh kh\u1ea3 d\u1ee5ng<\/mark><\/h1>\t\t\t\t<\/div>\n\t\t\t\t<div class=\"elementor-element elementor-element-e7a119d elementor-widget-mobile__width-inherit elementor-widget elementor-widget-image\" data-id=\"e7a119d\" data-element_type=\"widget\" data-widget_type=\"image.default\">\n\t\t\t\t\t\t\t\t\t\t\t\t\t\t\t<img decoding=\"async\" src=\"https:\/\/www.consumerdirectco.com\/wp-content\/uploads\/sites\/20\/2025\/12\/expert-in-self-banner-mob.png\" title=\"\" alt=\"\" loading=\"lazy\" \/>\t\t\t\t\t\t\t\t\t\t\t\t\t\t\t<\/div>\n\t\t\t\t\t<\/div>\n\t\t\t\t<\/div>\n\t\t\t\t<\/div>\n\t\t<div class=\"elementor-element elementor-element-2fc69a2 e-flex e-con-boxed e-con e-parent\" data-id=\"2fc69a2\" data-element_type=\"container\">\n\t\t\t\t\t<div class=\"e-con-inner\">\n\t\t\t\t<div class=\"elementor-element elementor-element-3fc795f elementor-widget elementor-widget-text-editor\" data-id=\"3fc795f\" data-element_type=\"widget\" data-widget_type=\"text-editor.default\">\n\t\t\t\t\t\t\t\t\t<ul><li><strong>B\u1ea1n c\u00f3 c\u1ea7n h\u1ed7 tr\u1ee3 \u0111\u1ec3 tr\u00f2 chuy\u1ec7n v\u1edbi ch\u00fang t\u00f4i ho\u1eb7c \u0111\u1ecdc nh\u1eefng g\u00ec ch\u00fang t\u00f4i g\u1eedi cho b\u1ea1n kh\u00f4ng?<\/strong><\/li><li><strong>B\u1ea1n c\u00f3 khuy\u1ebft t\u1eadt v\u00e0 c\u1ea7n h\u1ed7 tr\u1ee3 \u0111\u1ec3 ti\u1ebfp c\u1eadn d\u1ecbch v\u1ee5 ch\u0103m s\u00f3c s\u1ee9c kh\u1ecfe ho\u1eb7c tham gia v\u00e0o m\u1ed9t trong c\u00e1c ch\u01b0\u01a1ng tr\u00ecnh c\u1ee7a ch\u00fang t\u00f4i?<\/strong><br \/><strong>C\u00e1c ch\u01b0\u01a1ng tr\u00ecnh hay d\u1ecbch v\u1ee5?<\/strong><\/li><li><strong>Hay b\u1ea1n c\u00f3 th\u00eam c\u00e2u h\u1ecfi n\u00e0o v\u1ec1 ch\u0103m s\u00f3c s\u1ee9c kh\u1ecfe c\u1ee7a m\u00ecnh kh\u00f4ng?<\/strong><\/li><\/ul><p><strong>H\u00e3y g\u1ecdi cho ch\u00fang t\u00f4i mi\u1ec5n ph\u00ed. Ch\u00fang t\u00f4i c\u00f3 th\u1ec3 k\u1ebft n\u1ed1i b\u1ea1n v\u1edbi s\u1ef1 tr\u1ee3 gi\u00fap ho\u1eb7c d\u1ecbch v\u1ee5 mi\u1ec5n ph\u00ed m\u00e0 b\u1ea1n c\u1ea7n.<\/strong><\/p><p><strong>M\u1ea1ng l\u01b0\u1edbi Ch\u0103m s\u00f3c Tr\u1ef1c ti\u1ebfp cho Ng\u01b0\u1eddi ti\u00eau d\u00f9ng Colorado (CDCO)<\/strong><\/p><ul><li><strong>\u0110i\u1ec7n tho\u1ea1i: <a href=\"tel:844-381-4433\">844-381-4433<\/a><\/strong><\/li><\/ul><p>\u0110\u1ec3 xem c\u00e1c t\u00f9y ch\u1ecdn truy c\u1eadp, vui l\u00f2ng truy c\u1eadp trang <a href=\"https:\/\/hcpf.colorado.gov\/accessibility\" target=\"_blank\" rel=\"noopener\">Trang th\u00f4ng tin v\u1ec1 kh\u1ea3 n\u0103ng ti\u1ebfp c\u1eadn tr\u00ean trang web c\u1ee7a S\u1edf Ch\u00ednh s\u00e1ch v\u00e0 T\u00e0i ch\u00ednh Y t\u1ebf Colorado<\/a>.<\/p><p>\u0110\u1ec3 y\u00eau c\u1ea7u c\u00e1c bi\u1ec7n ph\u00e1p h\u1ed7 tr\u1ee3, vui l\u00f2ng \u0111i\u1ec1n v\u00e0o <a href=\"https:\/\/info.consumerdirectcare.com\/hubfs\/QI%20Documents\/Forms\/CDCO\/CDASS\/Resources\/CDASS%20Basics\/En_US_20240617_QI_Care-Plan-Mediation-Request-Form_FIN.pdf\" target=\"_blank\" rel=\"noopener\">M\u1eabu \u0111\u01a1n y\u00eau c\u1ea7u tham gia v\u00e0 h\u1ed7 tr\u1ee3 theo \u0110\u1ea1o lu\u1eadt v\u1ec1 Quy\u1ec1n c\u1ee7a Ng\u01b0\u1eddi Khuy\u1ebft t\u1eadt (ADA) c\u1ee7a CDCO<\/a>\u0110\u1ec3 b\u00e1o c\u00e1o c\u00e1c v\u1ea5n \u0111\u1ec1 v\u1ec1 kh\u1ea3 n\u0103ng truy c\u1eadp ho\u1eb7c y\u00eau c\u1ea7u b\u00e1o c\u00e1o kh\u1ea3 n\u0103ng truy c\u1eadp theo M\u1eabu Kh\u1ea3 n\u0103ng Truy c\u1eadp S\u1ea3n ph\u1ea9m T\u1ef1 nguy\u1ec7n (VPAT) cho trang web c\u1ee7a CDCO, vui l\u00f2ng g\u1eedi email. <a href=\"mailto:InfoCDCO@ConsumerDirectCare.com\">InfoCDCO@ConsumerDirectCare.com<\/a> ho\u1eb7c \u0111i\u1ec1n v\u00e0o m\u1eabu c\u1ee7a ch\u00fang t\u00f4i <a href=\"https:\/\/\/vi\/consumerdirectco.com\/contact\/\" data-wplink-url-error=\"true\">Bi\u1ec3u m\u1eabu li\u00ean h\u1ec7<\/a>.<\/p><p>Ch\u00fang t\u00f4i tu\u00e2n th\u1ee7 c\u00e1c lu\u1eadt v\u1ec1 quy\u1ec1n c\u00f4ng d\u00e2n c\u1ee7a li\u00ean bang v\u00e0 ti\u1ec3u bang. Ch\u00fang t\u00f4i kh\u00f4ng \u0111\u1ed1i x\u1eed v\u1edbi m\u1ecdi ng\u01b0\u1eddi theo c\u00e1ch kh\u00e1c bi\u1ec7t d\u1ef1a tr\u00ean ch\u1ee7ng t\u1ed9c, m\u00e0u da, n\u01a1i sinh, ng\u00f4n ng\u1eef, tu\u1ed5i t\u00e1c, khuy\u1ebft t\u1eadt, t\u00f4n gi\u00e1o ho\u1eb7c gi\u1edbi t\u00ednh. N\u1ebfu b\u1ea1n cho r\u1eb1ng ch\u00fang t\u00f4i \u0111\u00e3 kh\u00f4ng gi\u00fap \u0111\u1ee1 b\u1ea1n ho\u1eb7c b\u1ea1n \u0111\u00e3 b\u1ecb \u0111\u1ed1i x\u1eed kh\u00e1c bi\u1ec7t v\u00ec ch\u1ee7ng t\u1ed9c, m\u00e0u da, n\u01a1i sinh, ng\u00f4n ng\u1eef, tu\u1ed5i t\u00e1c, khuy\u1ebft t\u1eadt, t\u00f4n gi\u00e1o ho\u1eb7c gi\u1edbi t\u00ednh c\u1ee7a b\u1ea1n? B\u1ea1n c\u00f3 th\u1ec3 n\u1ed9p \u0111\u01a1n khi\u1ebfu n\u1ea1i qua b\u01b0u \u0111i\u1ec7n, email ho\u1eb7c \u0111i\u1ec7n tho\u1ea1i. B\u1ea1n c\u00f3 th\u1ec3 n\u1ed9p \u0111\u01a1n khi\u1ebfu n\u1ea1i v\u1edbi M\u1ea1ng l\u01b0\u1edbi Ch\u0103m s\u00f3c Tr\u1ef1c ti\u1ebfp cho Ng\u01b0\u1eddi ti\u00eau d\u00f9ng ho\u1eb7c<br \/>v\u1edbi V\u0103n ph\u00f2ng Quy\u1ec1n C\u00f4ng d\u00e2n.<\/p><p><strong>M\u1ea1ng l\u01b0\u1edbi Ch\u0103m s\u00f3c Tr\u1ef1c ti\u1ebfp cho Ng\u01b0\u1eddi ti\u00eau d\u00f9ng<\/strong><\/p><p>K\u00ednh g\u1eedi: Gi\u00e1m \u0111\u1ed1c Nh\u00e2n s\u1ef1<br \/>100 \u0110\u01b0\u1eddng Ti\u1ebfp C\u1eadn Tr\u1ef1c Ti\u1ebfp \u0110\u1ebfn Ng\u01b0\u1eddi Ti\u00eau D\u00f9ng<br \/>Missoula, Montana 59808<br \/>\u0110i\u1ec7n tho\u1ea1i: <a href=\"tel:844-360-4747\">844-360-4747<\/a><br \/>Email: <a href=\"mailto:InfoHR@ConsumerDirectCare.com\">InfoHR@ConsumerDirectCare.com<\/a><br \/>S\u1ed1 fax: 866-837-1983<\/p><p>ho\u1eb7c<\/p><p>K\u00ednh g\u1eedi: Gi\u00e1m \u0111\u1ed1c Tu\u00e2n th\u1ee7<br \/>100 \u0110\u01b0\u1eddng Ti\u1ebfp C\u1eadn Tr\u1ef1c Ti\u1ebfp \u0110\u1ebfn Ng\u01b0\u1eddi Ti\u00eau D\u00f9ng<br \/>Missoula, Montana 59808<br \/>\u0110i\u1ec7n tho\u1ea1i: <a href=\"tel:406-303-3033\">406-303-3033<\/a><br \/>Email: <a href=\"mailto:InfoCompliance@ConsumerDirectCare.com\">InfoCompliance@ConsumerDirectCare.com\u00a0<\/a><\/p><p><strong>V\u0103n ph\u00f2ng v\u1ec1 Quy\u1ec1n c\u00f4ng d\u00e2n<\/strong><br \/>Th\u0103m <a href=\"https:\/\/ocrportal.hhs.gov\/ocr\/smartscreen\/main.jsf\" target=\"_blank\" rel=\"noopener\">C\u1ed5ng th\u00f4ng tin khi\u1ebfu n\u1ea1i c\u1ee7a V\u0103n ph\u00f2ng Quy\u1ec1n c\u00f4ng d\u00e2n<\/a>.<\/p><p>ho\u1eb7c<\/p><p>G\u1eedi \u0111\u01a1n khi\u1ebfu n\u1ea1i ho\u1eb7c g\u1eedi th\u01b0 \u0111\u1ebfn:<br \/>B\u1ed9 Y t\u1ebf v\u00e0 D\u1ecbch v\u1ee5 Nh\u00e2n sinh Hoa K\u1ef3 - V\u0103n ph\u00f2ng Quy\u1ec1n C\u00f4ng d\u00e2n<br \/>200 \u0110\u01b0\u1eddng \u0110\u1ed9c L\u1eadp, Ph\u00eda T\u00e2y Nam<br \/>Ph\u00f2ng 509F, T\u00f2a nh\u00e0 HHH<br \/>Washington, DC 20201<\/p><p>B\u1ea1n c\u00f3 th\u1ec3 l\u1ea5y m\u1eabu \u0111\u01a1n khi\u1ebfu n\u1ea1i t\u1ea1i <a href=\"https:\/\/www.hhs.gov\/ocr\/complaints\/index.html\" target=\"_blank\" rel=\"noopener\">Trang web c\u1ee7a B\u1ed9 Y t\u1ebf v\u00e0 D\u1ecbch v\u1ee5 Nh\u00e2n sinh Hoa K\u1ef3<\/a>.<br \/>ho\u1eb7c<br \/>G\u1ecdi <a href=\"tel:800-368-1019\">800-368-1019<\/a>N\u1ebfu b\u1ea1n kh\u00f4ng th\u1ec3 n\u00f3i ho\u1eb7c nghe r\u00f5, vui l\u00f2ng g\u1ecdi TTY\/TDD. <a href=\"tel:800-537-7697\">800-537-7697<\/a>.<\/p>\t\t\t\t\t\t\t\t<\/div>\n\t\t\t\t\t<\/div>\n\t\t\t\t<\/div>\n\t\t\t\t<\/div>","protected":false},"excerpt":{"rendered":"<p>Do you need help talking with us or reading what we send you? Do you have a disability and need help getting care or taking part in one of ourprograms or services? Or do you have more questions about your health care? Call us for free. We can connect you with the free help or [&hellip;]<\/p>","protected":false},"author":9,"featured_media":0,"parent":0,"menu_order":0,"comment_status":"closed","ping_status":"closed","template":"","meta":{"_acf_changed":false,"footnotes":""},"class_list":["post-3287","page","type-page","status-publish","hentry"],"acf":[],"yoast_head":"<!-- This site is optimized with the Yoast SEO plugin v26.0 - https:\/\/yoast.com\/wordpress\/plugins\/seo\/ -->\n<title>Accessibility - Colorado - Consumer Direct Care<\/title>\n<meta name=\"robots\" content=\"index, follow, max-snippet:-1, max-image-preview:large, max-video-preview:-1\" \/>\n<link rel=\"canonical\" href=\"https:\/\/www.consumerdirectco.com\/vi\/accessibility\/\" \/>\n<meta property=\"og:locale\" content=\"vi_VN\" \/>\n<meta property=\"og:type\" content=\"article\" \/>\n<meta property=\"og:title\" content=\"Accessibility - Colorado - Consumer Direct Care\" \/>\n<meta property=\"og:description\" content=\"Do you need help talking with us or reading what we send you? Do you have a disability and need help getting care or taking part in one of ourprograms or services? Or do you have more questions about your health care? Call us for free. We can connect you with the free help or [&hellip;]\" \/>\n<meta property=\"og:url\" content=\"https:\/\/www.consumerdirectco.com\/vi\/accessibility\/\" \/>\n<meta property=\"og:site_name\" content=\"Colorado - Consumer Direct Care\" \/>\n<meta property=\"article:modified_time\" content=\"2026-01-07T14:55:15+00:00\" \/>\n<meta name=\"twitter:card\" content=\"summary_large_image\" \/>\n<meta name=\"twitter:label1\" content=\"\u01af\u1edbc t\u00ednh th\u1eddi gian \u0111\u1ecdc\" \/>\n\t<meta name=\"twitter:data1\" content=\"2 ph\u00fat\" \/>\n<script type=\"application\/ld+json\" class=\"yoast-schema-graph\">{\"@context\":\"https:\/\/schema.org\",\"@graph\":[{\"@type\":\"WebPage\",\"@id\":\"https:\/\/www.consumerdirectco.com\/accessibility\/\",\"url\":\"https:\/\/www.consumerdirectco.com\/accessibility\/\",\"name\":\"Accessibility - Colorado - Consumer Direct Care\",\"isPartOf\":{\"@id\":\"https:\/\/www.consumerdirectco.com\/#website\"},\"datePublished\":\"2026-01-06T17:35:56+00:00\",\"dateModified\":\"2026-01-07T14:55:15+00:00\",\"breadcrumb\":{\"@id\":\"https:\/\/www.consumerdirectco.com\/accessibility\/#breadcrumb\"},\"inLanguage\":\"vi\",\"potentialAction\":[{\"@type\":\"ReadAction\",\"target\":[\"https:\/\/www.consumerdirectco.com\/accessibility\/\"]}]},{\"@type\":\"BreadcrumbList\",\"@id\":\"https:\/\/www.consumerdirectco.com\/accessibility\/#breadcrumb\",\"itemListElement\":[{\"@type\":\"ListItem\",\"position\":1,\"name\":\"Home\",\"item\":\"https:\/\/www.consumerdirectco.com\/\"},{\"@type\":\"ListItem\",\"position\":2,\"name\":\"Accessibility\"}]},{\"@type\":\"WebSite\",\"@id\":\"https:\/\/www.consumerdirectco.com\/#website\",\"url\":\"https:\/\/www.consumerdirectco.com\/\",\"name\":\"Colorado - Consumer Direct Care\",\"description\":\"\",\"publisher\":{\"@id\":\"https:\/\/www.consumerdirectco.com\/#organization\"},\"potentialAction\":[{\"@type\":\"SearchAction\",\"target\":{\"@type\":\"EntryPoint\",\"urlTemplate\":\"https:\/\/www.consumerdirectco.com\/?s={search_term_string}\"},\"query-input\":{\"@type\":\"PropertyValueSpecification\",\"valueRequired\":true,\"valueName\":\"search_term_string\"}}],\"inLanguage\":\"vi\"},{\"@type\":\"Organization\",\"@id\":\"https:\/\/www.consumerdirectco.com\/#organization\",\"name\":\"Colorado - Consumer Direct Care\",\"url\":\"https:\/\/www.consumerdirectco.com\/\",\"logo\":{\"@type\":\"ImageObject\",\"inLanguage\":\"vi\",\"@id\":\"https:\/\/www.consumerdirectco.com\/#\/schema\/logo\/image\/\",\"url\":\"https:\/\/www.consumerdirectco.com\/wp-content\/uploads\/sites\/20\/2025\/12\/logo-colorado.png\",\"contentUrl\":\"https:\/\/www.consumerdirectco.com\/wp-content\/uploads\/sites\/20\/2025\/12\/logo-colorado.png\",\"width\":159,\"height\":48,\"caption\":\"Colorado - Consumer Direct Care\"},\"image\":{\"@id\":\"https:\/\/www.consumerdirectco.com\/#\/schema\/logo\/image\/\"}}]}<\/script>\n<!-- \/ Yoast SEO plugin. -->","yoast_head_json":{"title":"Accessibility - Colorado - Consumer Direct Care","robots":{"index":"index","follow":"follow","max-snippet":"max-snippet:-1","max-image-preview":"max-image-preview:large","max-video-preview":"max-video-preview:-1"},"canonical":"https:\/\/www.consumerdirectco.com\/vi\/accessibility\/","og_locale":"vi_VN","og_type":"article","og_title":"Accessibility - Colorado - Consumer Direct Care","og_description":"Do you need help talking with us or reading what we send you? Do you have a disability and need help getting care or taking part in one of ourprograms or services? Or do you have more questions about your health care? Call us for free. We can connect you with the free help or [&hellip;]","og_url":"https:\/\/www.consumerdirectco.com\/vi\/accessibility\/","og_site_name":"Colorado - Consumer Direct Care","article_modified_time":"2026-01-07T14:55:15+00:00","twitter_card":"summary_large_image","twitter_misc":{"\u01af\u1edbc t\u00ednh th\u1eddi gian \u0111\u1ecdc":"2 ph\u00fat"},"schema":{"@context":"https:\/\/schema.org","@graph":[{"@type":"WebPage","@id":"https:\/\/www.consumerdirectco.com\/accessibility\/","url":"https:\/\/www.consumerdirectco.com\/accessibility\/","name":"Accessibility - Colorado - Consumer Direct Care","isPartOf":{"@id":"https:\/\/www.consumerdirectco.com\/#website"},"datePublished":"2026-01-06T17:35:56+00:00","dateModified":"2026-01-07T14:55:15+00:00","breadcrumb":{"@id":"https:\/\/www.consumerdirectco.com\/accessibility\/#breadcrumb"},"inLanguage":"vi","potentialAction":[{"@type":"ReadAction","target":["https:\/\/www.consumerdirectco.com\/accessibility\/"]}]},{"@type":"BreadcrumbList","@id":"https:\/\/www.consumerdirectco.com\/accessibility\/#breadcrumb","itemListElement":[{"@type":"ListItem","position":1,"name":"Home","item":"https:\/\/www.consumerdirectco.com\/"},{"@type":"ListItem","position":2,"name":"Accessibility"}]},{"@type":"WebSite","@id":"https:\/\/www.consumerdirectco.com\/#website","url":"https:\/\/www.consumerdirectco.com\/","name":"Colorado - Ch\u0103m s\u00f3c tr\u1ef1c ti\u1ebfp cho ng\u01b0\u1eddi ti\u00eau d\u00f9ng","description":"","publisher":{"@id":"https:\/\/www.consumerdirectco.com\/#organization"},"potentialAction":[{"@type":"SearchAction","target":{"@type":"EntryPoint","urlTemplate":"https:\/\/www.consumerdirectco.com\/?s={search_term_string}"},"query-input":{"@type":"PropertyValueSpecification","valueRequired":true,"valueName":"search_term_string"}}],"inLanguage":"vi"},{"@type":"Organization","@id":"https:\/\/www.consumerdirectco.com\/#organization","name":"Colorado - Ch\u0103m s\u00f3c tr\u1ef1c ti\u1ebfp cho ng\u01b0\u1eddi ti\u00eau d\u00f9ng","url":"https:\/\/www.consumerdirectco.com\/","logo":{"@type":"ImageObject","inLanguage":"vi","@id":"https:\/\/www.consumerdirectco.com\/#\/schema\/logo\/image\/","url":"https:\/\/www.consumerdirectco.com\/wp-content\/uploads\/sites\/20\/2025\/12\/logo-colorado.png","contentUrl":"https:\/\/www.consumerdirectco.com\/wp-content\/uploads\/sites\/20\/2025\/12\/logo-colorado.png","width":159,"height":48,"caption":"Colorado - Consumer Direct Care"},"image":{"@id":"https:\/\/www.consumerdirectco.com\/#\/schema\/logo\/image\/"}}]}},"_links":{"self":[{"href":"https:\/\/www.consumerdirectco.com\/vi\/wp-json\/wp\/v2\/pages\/3287","targetHints":{"allow":["GET"]}}],"collection":[{"href":"https:\/\/www.consumerdirectco.com\/vi\/wp-json\/wp\/v2\/pages"}],"about":[{"href":"https:\/\/www.consumerdirectco.com\/vi\/wp-json\/wp\/v2\/types\/page"}],"author":[{"embeddable":true,"href":"https:\/\/www.consumerdirectco.com\/vi\/wp-json\/wp\/v2\/users\/9"}],"replies":[{"embeddable":true,"href":"https:\/\/www.consumerdirectco.com\/vi\/wp-json\/wp\/v2\/comments?post=3287"}],"version-history":[{"count":23,"href":"https:\/\/www.consumerdirectco.com\/vi\/wp-json\/wp\/v2\/pages\/3287\/revisions"}],"predecessor-version":[{"id":3620,"href":"https:\/\/www.consumerdirectco.com\/vi\/wp-json\/wp\/v2\/pages\/3287\/revisions\/3620"}],"wp:attachment":[{"href":"https:\/\/www.consumerdirectco.com\/vi\/wp-json\/wp\/v2\/media?parent=3287"}],"curies":[{"name":"wp","href":"https:\/\/api.w.org\/{rel}","templated":true}]}}